{"id":136,"date":"2022-05-12T18:38:15","date_gmt":"2022-05-12T18:38:15","guid":{"rendered":"https:\/\/emmsainc.com\/terms-and-conditions\/"},"modified":"2025-12-31T19:59:07","modified_gmt":"2025-12-31T19:59:07","slug":"terms-and-conditions","status":"publish","type":"page","link":"https:\/\/emmsainc.com\/es\/terms-and-conditions\/","title":{"rendered":"T\u00e9rminos y Condiciones"},"content":{"rendered":"<div id=\"cs-content\" class=\"cs-content\"><div class=\"x-section e136-e1 m3s-0 m3s-1 m3s-2\"><div class=\"x-row x-container max width e136-e2 m3s-6 m3s-7 m3s-8 m3s-9 m3s-e\"><div class=\"x-row-inner\"><div class=\"x-col e136-e3 m3s-k m3s-l m3s-m\"><\/div><\/div><\/div><\/div><div class=\"x-section e136-e4-v0 m3s-1 m3s-2 m3s-3 m3s-4 section_gradient_medium_down\"><div class=\"x-row x-container max width e136-e4-v1 m3s-6 m3s-7 m3s-a m3s-b m3s-f\"><div class=\"x-row-inner\"><div class=\"x-col e136-e4-v2 m3s-k m3s-n m3s-o\"><div class=\"x-text x-text-headline e136-e4-v3 m3s-q m3s-r\"><div class=\"x-text-content\"><div class=\"x-text-content-text\"><h1 class=\"x-text-content-text-primary\">T\u00e9rminos y Condiciones<\/h1>\n<\/div><\/div><\/div><nav class=\"x-crumbs x-hide-sm x-hide-xs e136-e4-v4 m3s-t\" role=\"navigation\"><ol class=\"x-crumbs-list\" itemscope=\"\" itemtype=\"http:\/\/schema.org\/BreadcrumbList\" aria-label=\"Breadcrumb Navigation\"><li class=\"x-crumbs-list-item\" itemprop=\"itemListElement\" itemscope itemtype=\"http:\/\/schema.org\/ListItem\"><a class=\"x-crumbs-current x-crumbs-link\" itemtype=\"http:\/\/schema.org\/Thing\" itemprop=\"item\" href=\"https:\/\/emmsainc.com\/es\/\" title=\"You Are Here\"><span itemprop=\"name\"><i class=\"x-icon\" aria-hidden=\"true\" data-x-icon-s=\"&#xf015;\"><\/i><span class=\"visually-hidden\">Home<\/span><\/span><\/a><meta itemprop=\"position\" content=\"1\"><\/li><\/ol><\/nav><\/div><\/div><\/div><\/div><div class=\"x-section e136-e5 m3s-1 m3s-3 m3s-5\"><div class=\"x-row x-container max width e136-e6 m3s-6 m3s-7 m3s-8 m3s-c m3s-g m3s-h\"><div class=\"x-row-inner\"><div class=\"x-col e136-e7 m3s-k m3s-m m3s-n m3s-p\"><div class=\"x-text x-text-headline e136-e8 m3s-r m3s-s\"><div class=\"x-text-content\"><div class=\"x-text-content-text\"><h2 class=\"x-text-content-text-primary\">T\u00e9rminos y Condiciones<\/h2>\n<span class=\"x-text-content-text-subheadline\">Para Uso del Sitio Web <span class=\"rc_text_darkcyan_bold\">emmsainc.com<\/span> y Sitios Web usados por sus Empresas Subsidiarias.<\/span><\/div><\/div><\/div><\/div><\/div><\/div><div class=\"x-row x-container max width e136-e9 m3s-6 m3s-8 m3s-b m3s-c m3s-d m3s-g m3s-i\"><div class=\"x-row-inner\"><div class=\"x-col e136-e10 m3s-k m3s-m\"><div class=\"x-text x-content e136-e11 m3s-u m3s-v\"><h6>LOS SIGUIENTES T\u00c9RMINOS Y CONDICIONES (\"T\u00c9RMINOS Y CONDICIONES\") RIGEN EL USO QUE CADA USUARIO LE D\u00c9 A ESTE SITIO WEB QUE HA PUESTO A SU DISPOSICI\u00d3N <span class=\"rc_text_darkcyan\">EMMSA USA, Inc.<\/span> Y A CUALQUIERA DE LOS CONTENIDOS DISPONIBLES POR O A TRAV\u00c9S DE \u00c9STE, INCLUYENDO CUALQUIER CONTENIDO DERIVADO DEL MISMO (EN LO SUCESIVO EL \"SITIO WEB\"). ESTOS T\u00c9RMINOS Y CONDICIONES PODR\u00c1N MODIFICARSE EN CUALQUIER MOMENTO SIN NINGUNA NOTIFICACI\u00d3N PREVIA. AL INGRESAR AL SITIO WEB, EST\u00c1 ACEPTANDO LOS T\u00c9RMINOS Y CONDICIONES DE \u00c9STE. SI NO EST\u00c1 DE ACUERDO CON NUESTROS T\u00c9RMINOS Y CONDICIONES, NO PODR\u00c1 USARLO DE NINGUNA MANERA. AL INGRESAR AL SITIO WEB, EST\u00c1 ACEPTANDO LOS T\u00c9RMINOS Y CONDICIONES DE \u00c9STE. SI NO EST\u00c1 DE ACUERDO CON NUESTROS T\u00c9RMINOS Y CONDICIONES, NO PODR\u00c1 USARLO DE NINGUNA MANERA.<\/h6>\n<p><strong>1. Derechos de Propiedad.<\/strong> <span class=\"rc_text_darkcyan_bold\">EMMSA USA, Inc.<\/span> y sus subsidiarias son \u00fanicos y exclusivos propietarios del Sitio Web, as\u00ed como de todos los derechos, t\u00edtulo e intereses en todo el contenido (incluyendo, por ejemplo, audio, fotograf\u00edas, ilustraciones, gr\u00e1ficos, otros medios visuales, videos, copias, textos, software, t\u00edtulos, archivos de Onda de choque, etc.), c\u00f3digos, datos y materiales del mismo, el aspecto y el ambiente, el dise\u00f1o y la organizaci\u00f3n de \u00e9ste y la compilaci\u00f3n de los contenidos, c\u00f3digos, datos y los materiales, incluyendo pero no limitado a, cualesquiera derechos de autor, derechos de marca, derechos de patente, derechos de base de datos, derechos morales, derechos sui generis y otras propiedades intelectuales y derechos patrimoniales del mismo. El ingreso y\/o uso del Sitio Web no le otorga propiedad de ninguno de los contenidos, c\u00f3digos, datos o materiales a los que pueda acceder en o a trav\u00e9s de \u00e9l.<\/p>\n<p><strong>2. Licencia Limitada.<\/strong> Podr\u00e1 acceder y ver el contenido del Sitio Web desde su computadora o desde cualquier otro aparato. El uso del Sitio Web y de los servicios que se ofrecen en o a trav\u00e9s de \u00e9l, son s\u00f3lo para su uso personal, no comercial.<\/p>\n<p><strong>3. Uso Prohibido.<\/strong> Cualquier distribuci\u00f3n, publicaci\u00f3n o explotaci\u00f3n comercial o promocional del Sitio Web, o de cualquiera de los contenidos, c\u00f3digos, datos o materiales en el Sitio Web, est\u00e1 estrictamente prohibida, a menos de que haya recibido autorizaci\u00f3n expresa por escrito del personal autorizado de <span class=\"rc_text_darkcyan_bold\">EMMSA USA, Inc.<\/span> A no ser como est\u00e1 expresamente permitido en el presente contrato, no podr\u00e1 descargar, informar, exponer, publicar, copiar, reproducir, distribuir, transmitir, modificar, ejecutar, difundir, transferir, crear trabajos derivados de, vender o de cualquier otra manera explotar cualquiera de los contenidos, c\u00f3digos, datos o materiales en o disponibles a trav\u00e9s del Sitio Web. Se obliga adem\u00e1s a no alterar, editar, borrar, quitar, o de otra manera cambiar el significado o la apariencia de, o cambiar el prop\u00f3sito de, cualquiera de los contenidos, c\u00f3digos, datos o materiales en o disponibles a trav\u00e9s del Sitio Web, incluyendo, sin limitaci\u00f3n, la alteraci\u00f3n o retiro de cualquier marca comercial, marca registrada, logo, marca de servicios o cualquier otro contenido de propiedad o notificaci\u00f3n de derechos de propiedad. Reconoce que no adquiere ning\u00fan derecho de propiedad al descargar alg\u00fan material con derechos de autor de o a trav\u00e9s del Sitio Web. Si hace otro uso del Sitio Web, o de los contenidos, c\u00f3digos, datos o materiales que se encuentren o que est\u00e9n disponibles a trav\u00e9s del Sitio Web, estar\u00e1 violando las leyes de derechos de autor y otras leyes aplicables en la Rep\u00fablica Mexicana, as\u00ed como en otros pa\u00edses, y puede ser sujeto a responsabilidad legal por dicho uso no autorizado.<\/p>\n<p><strong>4. Marcas Comerciales.<\/strong> Las marcas comerciales, logos, marcas de servicios, marcas registradas (conjuntamente las \"Marcas Comerciales\") expuestas en el Sitio Web o en los contenidos disponibles a trav\u00e9s del Sitio Web son Marcas Comerciales de <span class=\"rc_text_darkcyan_bold\">EMMSA USA, Inc.<\/span> por lo tanto, no podr\u00e1n ser usadas de ninguna manera por personas que no est\u00e9n relacionadas con los titulares de las Marcas Comerciales, ni podr\u00e1n denigrar o desacreditar ningunas de \u00e9stas. Todas las Marcas Comerciales que no sean de <span class=\"rc_text_darkcyan_bold\">EMMSA USA, Inc.<\/span> que aparezcan en el Sitio Web o en o a trav\u00e9s de los servicios de \u00e9ste, si las hubiera, son propiedad de sus respectivos titulares. Nada que est\u00e9 contenido en el Sitio Web deber\u00e1 ser interpretado como otorgando, por implicaci\u00f3n, desestimaci\u00f3n, o de otra manera, alguna licencia o derecho para usar alguna Marca Comercial expuesta en el Sitio Web. El mal uso de las Marcas Comerciales expuestas en el Sitio Web o en o a trav\u00e9s de cualquiera de sus servicios est\u00e1 estrictamente prohibido.<\/p>\n<p><strong>5. Informaci\u00f3n del Usuario.<\/strong> Toda informaci\u00f3n que el usuario proporcione en el Sitio Web est\u00e1 protegida por nuestras pol\u00edticas de privacidad que puede consultar en nuestro Aviso de Privacidad.<\/p>\n<p><strong>6. Materiales Presentados.<\/strong> A menos que se solicite espec\u00edficamente, no pedimos ni deseamos recibir ninguna informaci\u00f3n confidencial, secreta o patrimonial, ni otro material de usted a trav\u00e9s del Sitio Web, por correo electr\u00f3nico o de cualquier otra manera. Cualquier informaci\u00f3n, trabajos creativos, demostraci\u00f3n, ideas, sugerencias, conceptos, m\u00e9todos, sistemas, dise\u00f1os, planes, t\u00e9cnicas u otros materiales que nos haya mandado o presentado, incluyendo, aquello que usted presenta o env\u00eda a nuestros grupos de chateo, tablas de mensajes y\/o a nuestros \"blogs\", o que nos manda v\u00eda correo electr\u00f3nico, etc., (\"Materiales Presentados\") se considerar\u00e1 como no confidencial o secreto y que puede ser usado por <span class=\"rc_text_darkcyan_bold\">EMMSA USA, Inc.<\/span> de cualquier manera consistente con la Pol\u00edtica de Privacidad del Sitio Web. Al enviarnos Materiales Presentados, el usuario: (i) representa y garantiza que los Materiales Presentados son originales suyos, que ninguna otra persona tiene ning\u00fan derecho sobre ellos, y (ii) nos concede, los derechos y licencias libres de regal\u00edas y restricciones, y totalmente transferibles, que pueden ser cedidos y sub-licenciados, para usar, copiar, reproducir, modificar, adaptar, publicar, traducir, distribuir, ejecutar, exponer e incorporar en otros trabajos cualquiera de los Materiales Presentados (todos o en parte) en cualquier forma, medio o tecnolog\u00eda no conocida o por desarrollar, incluyendo prop\u00f3sitos promocionales y\/o comerciales. No seremos responsables de conservar ning\u00fan Material Presentado proporcionado y podremos borrar o destruir dicho Material Presentado en cualquier momento.<\/p>\n<p><strong>7. Conducta Prohibida del Usuario.<\/strong> Garantiza y est\u00e1 de acuerdo en que, mientras use el Sitio Web y los diversos servicios ofrece, no podr\u00e1: (a) insertar ning\u00fan anuncio, posicionar alguna marca o alg\u00fan otro contenido promocional o el de un tercero en cualquiera de los contenidos, materiales o servicios del Sitio Web; ni (b) intentar\u00e1 ganar acceso no autorizado a otros sistemas de c\u00f3mputo a trav\u00e9s del Sitio Web; (c) recolectar direcciones de correo electr\u00f3nico, direcciones inal\u00e1mbricas u otra informaci\u00f3n personal o de contactos, o cualquier otro medio autom\u00e1tico a trav\u00e9s del Sitio Web o de los servicios ofrecidos en \u00e9l, incluyendo, sin limitaci\u00f3n, cualquier informaci\u00f3n que se encuentre en alg\u00fan servidor o base de datos relacionada con el Sitio Web (d) usar el Sitio Web o los servicios puestos a su disposici\u00f3n con la intenci\u00f3n de interrumpir, da\u00f1ar, deshabilitar, sobrecargar o deteriorar el Sitio Web o dichos servicios, incluyendo, sin limitaci\u00f3n, mandar mensajes masivos no solicitados o \"inundar\" servidores con solicitudes; (e) usar el Sitio Web o los servicios o art\u00edculos del Sitio Web en violaci\u00f3n de la propiedad intelectual o de otros derechos legales o patrimoniales de <span class=\"rc_text_darkcyan_bold\">EMMSA USA, Inc.<\/span> o sus subsidiarias o de alg\u00fan tercero; ni (f) usar el Sitio Web o los servicios del Sitio Web en violaci\u00f3n de cualquier ley aplicable. El usuario se obliga a no usar el Sitio Web de alguna manera que pudiera da\u00f1ar, deshabilitar, sobrecargar o deteriorar el Sitio Web o interferir con que cualquier otra persona pueda usar o disfrutar del Sitio Web o de cualquiera de sus servicios. Usted no obtendr\u00e1 ni intentar\u00e1 obtener alg\u00fan material o informaci\u00f3n a trav\u00e9s de cualquier medio que no haya sido estipulado o puesto a la disposici\u00f3n del p\u00fablico intencionalmente a trav\u00e9s del Sitio Web.<\/p>\n<p><strong>8. Foros P\u00fablicos.<\/strong> Ning\u00fan usuario podr\u00e1: (a) restringir o inhibir a cualquier otro usuario de usar y disfrutar del Sitio Web o de los servicios del Sitio Web, (b) publicar material de cualquier tipo, que sea fraudulento, ilegal, abusivo, hostigante, obsceno, vulgar, ofensivo, profano, sexualmente expl\u00edcito o indecente, (c) constituya o aliente conductas que pudieran constituir una ofensa criminal, dar lugar a responsabilidad civil o de otro modo violar cualquier ley local, estatal, nacional o internacional, (d) viole, plagie o infrinja los derechos de terceros incluyendo, sin limitaci\u00f3n, derechos de autor, marcas comerciales, secretos comerciales, confidencialidad, contratos, patentes, derechos de privacidad o publicidad o cualquier otro derecho de propiedad, (e) contenga un virus, elemento de espionaje u otro componente da\u00f1ino y \/o vender a trav\u00e9s de nuestro Sitio Web alg\u00fan producto y ofrecer alg\u00fan servicio. Los usuarios son los \u00fanicos responsables de sus publicaciones en el Sitio Web.<\/p>\n<p><strong>9. Informaci\u00f3n Privada o Delicada en Foros P\u00fablicos.<\/strong> Es importante recordar que los comentarios presentados en un foro pueden ser registrados y almacenados en m\u00faltiples lugares, tanto en nuestro Sitio Web como en otra parte en Internet, los cuales pueden ser accesibles durante mucho tiempo y no se tiene control sobre qui\u00e9n los leer\u00e1 eventualmente. Es por lo tanto importante que tenga usted cuidado y sea selectivo acerca de la informaci\u00f3n personal que divulgue acerca de usted y de otros, y en especial, no debe divulgar informaci\u00f3n delicada, patrimonial o confidencial en sus comentarios en nuestros foros p\u00fablicos.<\/p>\n<p><strong>10. Enlaces con el Sitio Web.<\/strong> El usuario no tiene permitido enlazarse directamente a ninguna imagen almacenada en el Sitio Web o en nuestros servicios, como ser\u00eda usar un m\u00e9todo de enlace \"en-l\u00ednea\" para provocar que la imagen almacenada por nosotros fuera expuesta en otro sitio web. El usuario se obliga a no descargar o usar im\u00e1genes almacenadas en el Sitio Web, con cualquier prop\u00f3sito, incluyendo, sin limitaci\u00f3n, publicar dichas im\u00e1genes en otro sitio web.<\/p>\n<p><strong>11. Indemnizaci\u00f3n.<\/strong> El usuario que realice cualquier prohibici\u00f3n estipulada en estos T\u00e9rminos y Condiciones o que violente alguna ley, se obliga a defender, indemnizar a <span class=\"rc_text_darkcyan_bold\">EMMSA USA, Inc.<\/span> sus subsidiarias, directores, funcionarios, empleados y sus afiliados, en paz y a salvo de cualquier demanda, responsabilidad, costos y gastos, de cualquier naturaleza, incluyendo honorarios de abogados, en que incurriera como resultado del uso indebido del Sitio Web.<\/p>\n<p><strong>12. \u00f3rdenes de Productos y Servicios.<\/strong> Los usuarios que realicen compras por nuestro Sitio Web, garantizan que son mayores de edad y se obligan a pagar la totalidad de los precios e impuestos de las compras que realicen.<\/p>\n<p><strong>13. Sitios Web de Terceros.<\/strong> <span class=\"rc_text_darkcyan_bold\">EMMSA USA, Inc.<\/span> no garantiza que los contenidos del sitio web de alg\u00fan tercero sean exactos, que cumplan con la ley estatal o federal, o que cumplan con las leyes de derechos de autor o con otras leyes de propiedad intelectual. El usuario es responsable de las consecuencias que se deriven por el ingreso a los sitios webs de terceros.<\/p>\n<p><strong>14. Informaci\u00f3n sobre Derechos de Autor.<\/strong> Respetamos los derechos de propiedad intelectual de otros y requerimos que los usuarios que usen el Sitio Web hagan lo mismo. Si cree que su trabajo ha sido copiado de un modo que constituya una infracci\u00f3n a los derechos de autor, por favor mande la informaci\u00f3n al departamento legal de <span class=\"rc_text_darkcyan_bold\">EMMSA USA, Inc.<\/span> en el siguiente enlace:<\/p>\n<p>Para dudas o aclaraciones, favor de contactarnos al <span class=\"rc_text_darkcyan\">+52 (81) 8153-0010<\/span> o a trav\u00e9s del correo electr\u00f3nico <span class=\"rc_text_darkcyan\">info@emmsainc.com<\/span>.<\/p>\n<p><strong>15. RENUNCIA DE GARANT\u00cdAS.<\/strong> EL SITIO WEB, INCLUYENDO SIN LIMITACI\u00d3N, TODOS LOS SERVICIOS, CONTENIDOS, FUNCIONES Y MATERIALES PROPORCIONADOS A TRAV\u00c9S DEL SITIO WEB, SON PROPORCIONADOS \"TAL COMO EST\u00c9N\", \"COMO SE PONEN A LA DISPOSICI\u00d3N\", SIN GARANT\u00cdA DE NING\u00daN TIPO, YA SEA EXPRESA O IMPL\u00cdCITA, INCLUYENDO, SIN LIMITACI\u00d3N, CUALQUIER GARANT\u00cdA DE INFORMACI\u00d3N, DATOS, SERVICIOS DE PROCESAMIENTO DE DATOS, ACCESO ILIMITADO O ININTERRUMPIDO, CUALQUIER GARANT\u00cdA CON RESPECTO A LA DISPONIBILIDAD, EXACTITUD, PRECISI\u00d3N, CONTENIDO DE LA INFORMACI\u00d3N. NO GARANTIZAMOS QUE EL SITIO WEB O LOS SERVICIOS, CONTENIDOS, FUNCIONES O MATERIALES PROPORCIONADOS A TRAV\u00c9S DEL SITIO WEB SER\u00c9N OPORTUNOS, SEGUROS O LIBRES DE ERROR, O QUE LOS DEFECTOS SER\u00c1N CORREGIDOS. NING\u00daN RESULTADO O INFORMACI\u00d3N, YA SEA ORAL O ESCRITO, QUE USTED OBTENGA DEL SITIO WEB CREAR\u00c1 ALGUNA GARANT\u00cdA QUE NO HAYA SIDO ESTABLECIDA EXPRESAMENTE EN EL PRESENTE. <span class=\"rc_text_darkcyan_bold\">EMMSA USA, Inc.<\/span> TAMPOCO ASUME NINGUNA RESPONSABILIDAD, Y NO SER\u00c1 RESPONSABLE DE CUALQUIER DA\u00d1O A, O DE CUALQUIER VIRUS QUE PUDIERA INFECTAR SU EQUIPO A CAUSA DE SU ACCESO A, USO DE, O NAVEGACI\u00d3N EN EL SITIO WEB O BIEN, POR DESCARGAR CUALQUIERA DE LOS MATERIALES, DATOS, TEXTOS, IMAGENES, CONTENIDOS DE VIDEO O CONTENIDOS DE AUDIO DEL SITIO WEB.<\/p>\n<p><strong>16. Leyes Aplicables.<\/strong> Los usuarios que accedan al Sitio Web desde otros lugares lo har\u00e1n bajo su responsabilidad, cumpliendo las leyes locales.<\/p>\n<p><strong>17. T\u00e9rmino.<\/strong> Si alg\u00fan usuario incumple con los t\u00e9rminos y condiciones aqu\u00ed mencionados, <strong><span class=\"rc_text_darkcyan_bold\">EMMSA USA, Inc.<\/span><\/strong> podr\u00e1 suspender o bloquear el acceso a \u00e9ste, sin previo aviso.<\/p>\n<p><strong>18. Cambios de T\u00e9rminos de Uso.<\/strong> <span class=\"rc_text_darkcyan_bold\">EMMSA USA, Inc.<\/span> se reserva el derecho, a su sola discreci\u00f3n, de cambiar, modificar, a\u00f1adir o quitar cualquier porci\u00f3n de los T\u00e9rminos y Condiciones, toda o en parte, en cualquier momento. Los cambios en los T\u00e9rminos y Condiciones ser\u00e1n efectivos cuando se publiquen.<\/p>\n<p><strong>19. Miscel\u00e1neos.<\/strong> Los usuarios del Sitio Web renuncian a la jurisdicci\u00f3n que le pudiera corresponder y aceptan que cualquier procedimiento y\/o juicio ser\u00e1 ante los Tribunales de la Ciudad de Monterrey, Nuevo Le\u00f3n, M\u00e9xico.<\/p><\/div><hr class=\"x-line e136-e12 m3s-x\"\/><\/div><\/div><\/div><div class=\"x-row x-container max width e136-e13 m3s-6 m3s-7 m3s-8 m3s-c m3s-g m3s-j\"><div class=\"x-row-inner\"><div class=\"x-col e136-e14 m3s-k m3s-m\"><div class=\"x-text x-content e136-e15 m3s-v m3s-w\">T\u00e9rminos y Condiciones modificados en 2016\/05\/19<\/div><\/div><\/div><\/div><\/div><\/div>","protected":false},"excerpt":{"rendered":"<p>Terms and Conditions HomeTerms and Conditions To be used on emmsainc.com and websites belonging to its subsidiaries.The following terms and conditions (&#8220;Terms and Conditions&#8221;) govern the use that each user gives this website provided by EMMSA USA, Inc. and any of the available content in it, including any content that derives from the same (hereafter the &#8220;Website&#8221;). These Terms and &#8230; <\/p>\n<div><a href=\"https:\/\/emmsainc.com\/es\/terms-and-conditions\/\" class=\"more-link\">Read More<\/a><\/div>","protected":false},"author":1,"featured_media":471,"parent":0,"menu_order":0,"comment_status":"closed","ping_status":"closed","template":"template-blank-4.php","meta":{"_acf_changed":false,"footnotes":""},"class_list":["post-136","page","type-page","status-publish","has-post-thumbnail","hentry"],"acf":[],"_links":{"self":[{"href":"https:\/\/emmsainc.com\/es\/wp-json\/wp\/v2\/pages\/136","targetHints":{"allow":["GET"]}}],"collection":[{"href":"https:\/\/emmsainc.com\/es\/wp-json\/wp\/v2\/pages"}],"about":[{"href":"https:\/\/emmsainc.com\/es\/wp-json\/wp\/v2\/types\/page"}],"author":[{"embeddable":true,"href":"https:\/\/emmsainc.com\/es\/wp-json\/wp\/v2\/users\/1"}],"replies":[{"embeddable":true,"href":"https:\/\/emmsainc.com\/es\/wp-json\/wp\/v2\/comments?post=136"}],"version-history":[{"count":5,"href":"https:\/\/emmsainc.com\/es\/wp-json\/wp\/v2\/pages\/136\/revisions"}],"predecessor-version":[{"id":3474,"href":"https:\/\/emmsainc.com\/es\/wp-json\/wp\/v2\/pages\/136\/revisions\/3474"}],"wp:featuredmedia":[{"embeddable":true,"href":"https:\/\/emmsainc.com\/es\/wp-json\/wp\/v2\/media\/471"}],"wp:attachment":[{"href":"https:\/\/emmsainc.com\/es\/wp-json\/wp\/v2\/media?parent=136"}],"curies":[{"name":"wp","href":"https:\/\/api.w.org\/{rel}","templated":true}]}}