{"id":139,"date":"2022-05-12T18:39:09","date_gmt":"2022-05-12T18:39:09","guid":{"rendered":"https:\/\/emmsainc.com\/our-company\/"},"modified":"2025-12-31T19:59:09","modified_gmt":"2025-12-31T19:59:09","slug":"our-company","status":"publish","type":"page","link":"https:\/\/emmsainc.com\/es\/our-company\/","title":{"rendered":"Nuestra Empresa"},"content":{"rendered":"<div id=\"cs-content\" class=\"cs-content\"><div class=\"x-section e139-e1 m3v-0 m3v-1 m3v-2\" style=\"--tco-dc3v-0:url(https:\/\/emmsainc.com\/wp-content\/uploads\/image-emmsa-garcia.jpg);\"><div class=\"x-bg\" aria-hidden=\"true\"><div class=\"x-bg-layer-lower-image\"><\/div><\/div><div class=\"x-row e139-e2 m3v-c m3v-d m3v-e m3v-f m3v-g m3v-o m3v-p\"><div class=\"x-row-inner\"><div class=\"x-col e139-e3 m3v-10\"><div class=\"x-row x-container max width e139-e4 m3v-c m3v-d m3v-h m3v-i m3v-j m3v-o m3v-q\"><div class=\"x-row-inner\"><div class=\"x-col e139-e5 m3v-10 m3v-11 m3v-12 m3v-13\"><div class=\"x-text x-text-headline e139-e6 m3v-16 m3v-17 m3v-18 m3v-19 m3v-1a m3v-1b m3v-1c m3v-1d m3v-1e m3v-1f\"><div class=\"x-text-content\"><div class=\"x-text-content-text\"><h2 class=\"x-text-content-text-primary\">Confianza<\/h2>\n<span class=\"x-text-content-text-subheadline\">Con mas de <span class=\"rc_text_semi\">50 years<\/span><br\/>atendiendo a nuestros clientes<\/span><\/div><\/div><\/div><\/div><\/div><\/div><\/div><\/div><\/div><\/div><div class=\"x-section x-hide-lg x-hide-md x-hide-sm x-hide-xl x-hide-xs e139-e7 m3v-1 m3v-2 m3v-3 m3v-4 m3v-5\"><div class=\"x-bg\"><div class=\"x-bg-layer-lower-img\"><img decoding=\"async\" src=\"https:\/\/emmsainc.com\/wp-content\/uploads\/image-pipe-truck.jpg\" alt=\"Image\" loading=\"lazy\"\/><\/div><\/div><div class=\"x-row e139-e8 m3v-c m3v-d m3v-f m3v-g m3v-k m3v-o m3v-r\"><div class=\"x-row-inner\"><div class=\"x-col e139-e9 m3v-10\"><div class=\"x-row x-container max width e139-e10 m3v-c m3v-d m3v-h m3v-i m3v-l m3v-s m3v-t\"><div class=\"x-row-inner\"><div class=\"x-col e139-e11 m3v-10\"><div class=\"x-text x-text-headline e139-e12 m3v-17 m3v-19 m3v-1a m3v-1b m3v-1d m3v-1e m3v-1g m3v-1h m3v-1i m3v-1j m3v-1k m3v-1l\"><div class=\"x-text-content\"><div class=\"x-text-content-text\"><h1 class=\"x-text-content-text-primary\">Nuestra Empresa<\/h1>\n<span class=\"x-text-content-text-subheadline\">Fundada en 1975, <span class=\"rc_text_semi\">EMMSA USA Piping Systems<\/span> se dedica a la fabricaci\u00f3n y distribuci\u00f3n mayorista de sistemas de tuber\u00edas y se ha consolidado como uno de los proveedores m\u00e1s importantes a lo largo de todo M\u00e9xico, atendiendo los mercados de <span class=\"rc_text_semi\">Municipal, Plomer\u00eda, Industrial, Agr\u00edcola y Riego Residencial,<\/span> entre otros.<\/span><\/div><\/div><\/div><hr class=\"x-line e139-e13 m3v-1u m3v-1v m3v-1w\"\/><div class=\"x-text x-content e139-e14 m3v-20 m3v-21 m3v-22 m3v-23 m3v-24 m3v-25 m3v-26 m3v-27\"><span class=\"rc_text_semi\">Ahora atendemos el<br\/>\nmercado internacional.<\/span><\/div><hr class=\"x-line e139-e15 m3v-1u m3v-1v m3v-1w\"\/><div class=\"x-text x-content e139-e16 m3v-21 m3v-22 m3v-26 m3v-28 m3v-29 m3v-2a\">We can ship<br\/>\na donde<br\/>\nyou need<\/div><hr class=\"x-line e139-e17 m3v-1u m3v-1v m3v-1w\"\/><a class=\"x-anchor x-anchor-button has-graphic e139-e18 m3v-2j m3v-2k m3v-2l m3v-2m\" tabindex=\"0\" href=\"https:\/\/emmsainc.com\/es\/contact\/\"><div class=\"x-anchor-content\"><span class=\"x-graphic\" aria-hidden=\"true\"><i class=\"x-icon x-graphic-child x-graphic-icon x-graphic-primary\" aria-hidden=\"true\" data-x-icon-l=\"&#xf105;\"><\/i><\/span><div class=\"x-anchor-text\"><span class=\"x-anchor-text-primary\">Cont\u00e1ctenos<\/span><\/div><\/div><\/a><\/div><\/div><\/div><\/div><\/div><\/div><\/div><div class=\"x-section e139-e19 m3v-1 m3v-2 m3v-3 m3v-4 m3v-6\"><div class=\"x-bg\"><div class=\"x-bg-layer-lower-img\"><img decoding=\"async\" src=\"https:\/\/emmsainc.com\/wp-content\/uploads\/image-pipe-cooling-alt.jpg\" alt=\"Image\" loading=\"lazy\"\/><\/div><div class=\"x-bg-layer-upper-custom\" aria-hidden=\"true\"><\/div><\/div><div class=\"x-row e139-e20 m3v-c m3v-d m3v-f m3v-g m3v-k m3v-o m3v-u\"><div class=\"x-row-inner\"><div class=\"x-col e139-e21 m3v-10\"><div class=\"x-row x-container max width e139-e22 m3v-c m3v-d m3v-h m3v-i m3v-l m3v-s m3v-v\"><div class=\"x-row-inner\"><div class=\"x-col e139-e23 m3v-10\"><div class=\"x-text x-text-headline e139-e24 m3v-17 m3v-19 m3v-1a m3v-1b m3v-1d m3v-1e m3v-1f m3v-1g m3v-1h m3v-1i m3v-1j m3v-1l m3v-1m m3v-1n\"><div class=\"x-text-content\"><div class=\"x-text-content-text\"><h2 class=\"x-text-content-text-primary\">Nuestra Empresa<\/h2>\n<span class=\"x-text-content-text-subheadline\">Fundada en 1975, <span class=\"rc_text_semi\">EMMSA USA Piping Systems<\/span> se dedica a la fabricaci\u00f3n y distribuci\u00f3n mayorista de sistemas de tuber\u00edas y se ha consolidado como uno de los proveedores m\u00e1s importantes a lo largo de todo M\u00e9xico, atendiendo los mercados de <span class=\"rc_text_semi\">Municipal, Plomer\u00eda, Industrial, Agr\u00edcola y Riego Residencial,<\/span> entre otros.<\/span><\/div><\/div><\/div><hr class=\"x-line e139-e25 m3v-1v m3v-1w m3v-1x\"\/><div class=\"x-text x-content e139-e26 m3v-20 m3v-21 m3v-22 m3v-23 m3v-25 m3v-26 m3v-2a m3v-2b m3v-2c\"><span class=\"rc_text_semi\">Ahora atendemos el<br\/>\nmercado internacional.<\/span><\/div><hr class=\"x-line e139-e27 m3v-1v m3v-1w m3v-1x\"\/><div class=\"x-text x-content e139-e28 m3v-21 m3v-22 m3v-26 m3v-29 m3v-2a m3v-2d m3v-2e\">Enviamos a donde lo necesite<\/div><hr class=\"x-line e139-e29 m3v-1v m3v-1w m3v-1x\"\/><a class=\"x-anchor x-anchor-button has-graphic e139-e30 m3v-2j m3v-2k m3v-2l m3v-2n\" tabindex=\"0\" href=\"https:\/\/emmsainc.com\/es\/contact\/#contact-form\"><div class=\"x-anchor-content\"><span class=\"x-graphic\" aria-hidden=\"true\"><i class=\"x-icon x-graphic-child x-graphic-icon x-graphic-primary\" aria-hidden=\"true\" data-x-icon-l=\"&#xf105;\"><\/i><\/span><div class=\"x-anchor-text\"><span class=\"x-anchor-text-primary\">Cont\u00e1ctenos<\/span><\/div><\/div><\/a><hr class=\"x-line e139-e31 m3v-1v m3v-1w m3v-1x\"\/><div class=\"x-text x-content e139-e32 m3v-21 m3v-22 m3v-23 m3v-25 m3v-26 m3v-2c m3v-2d m3v-2f\">EMMSA USA, Inc. es una compa\u00f1\u00eda de AQUOR<small><small>\u00ae<\/small><\/small><\/div><\/div><\/div><\/div><\/div><\/div><\/div><\/div><div class=\"x-section e139-e33 m3v-1 m3v-2 m3v-3 m3v-4 m3v-7\"><div class=\"x-bg\"><div class=\"x-bg-layer-lower-img\"><img decoding=\"async\" src=\"https:\/\/emmsainc.com\/wp-content\/uploads\/image-laying-pipe.jpg\" alt=\"Image\" loading=\"lazy\"\/><\/div><\/div><div class=\"x-row e139-e34 m3v-c m3v-d m3v-f m3v-g m3v-k m3v-o m3v-w section_gradient_white_right\"><div class=\"x-row-inner\"><div class=\"x-col e139-e35 m3v-10\"><div class=\"x-row x-container max width e139-e36 m3v-c m3v-d m3v-h m3v-i m3v-l m3v-s m3v-x\"><div class=\"x-row-inner\"><div class=\"x-col e139-e37 m3v-10\"><div class=\"x-text x-text-headline e139-e38 m3v-16 m3v-17 m3v-19 m3v-1a m3v-1h m3v-1i m3v-1j m3v-1o m3v-1p\"><div class=\"x-text-content\"><div class=\"x-text-content-text\"><h3 class=\"x-text-content-text-primary\">EMMSA USA Piping Systems manufactures the top pipe brand for the international market, <span class=\"rc_text_semi\">DURAFORT by CRESCO<small><small>&reg;<\/small><\/small><\/span><\/h3>\n<\/div><\/div><\/div><hr class=\"x-line e139-e39 m3v-1u m3v-1v m3v-1w\"\/><div class=\"x-text x-text-headline e139-e40 m3v-16 m3v-17 m3v-19 m3v-1a m3v-1h m3v-1i m3v-1j m3v-1o m3v-1p\"><div class=\"x-text-content\"><div class=\"x-text-content-text\"><h3 class=\"x-text-content-text-primary\"><span class=\"rc_text_semi\">DURAFORT by CRESCO<small><small>&reg;<\/small><\/small><\/span> se ha consolidado como una de las marcas m\u00e1s importantes en tuber\u00edas de PVC y CPVC del pa\u00eds, ofreciendo los m\u00e1s altos est\u00e1ndares de calidad.<\/h3>\n<\/div><\/div><\/div><hr class=\"x-line e139-e41 m3v-1u m3v-1v m3v-1w\"\/><a class=\"x-anchor x-anchor-button has-graphic e139-e42 m3v-2j m3v-2k m3v-2n m3v-2o\" tabindex=\"0\" href=\"https:\/\/emmsainc.com\/es\/our-quality\/\"><div class=\"x-anchor-content\"><span class=\"x-graphic\" aria-hidden=\"true\"><i class=\"x-icon x-graphic-child x-graphic-icon x-graphic-primary\" aria-hidden=\"true\" data-x-icon-l=\"&#xf105;\"><\/i><\/span><div class=\"x-anchor-text\"><span class=\"x-anchor-text-primary\">Nuestra Calidad<\/span><\/div><\/div><\/a><\/div><\/div><\/div><\/div><\/div><\/div><\/div><div class=\"x-section x-hide-lg x-hide-md x-hide-sm x-hide-xl x-hide-xs e139-e43 m3v-1 m3v-3 m3v-8 section_gradient_medium_down\"><div class=\"x-row x-container max width e139-e44 m3v-c m3v-d m3v-h m3v-i m3v-m m3v-y\"><div class=\"x-row-inner\"><div class=\"x-col e139-e45 m3v-10 m3v-11 m3v-12 m3v-14\"><div class=\"x-text x-text-headline e139-e46 m3v-17 m3v-19 m3v-1a m3v-1b m3v-1c m3v-1e m3v-1f m3v-1h m3v-1l m3v-1n m3v-1p m3v-1q\"><div class=\"x-text-content\"><div class=\"x-text-content-text\"><h2 class=\"x-text-content-text-primary\">Take a look at<br\/>our plant!<\/h2>\n<span class=\"x-text-content-text-subheadline\">We are ranked among the top PVC pipe manufacturers in Mexico.<\/span><\/div><\/div><\/div><hr class=\"x-line e139-e47 m3v-1v m3v-1w m3v-1y\"\/><a class=\"x-anchor x-anchor-button has-graphic e139-e48 m3v-2j m3v-2k m3v-2l m3v-2m\" tabindex=\"0\" href=\"https:\/\/emmsainc.com\/es\/resources\/\"><div class=\"x-anchor-content\"><span class=\"x-graphic\" aria-hidden=\"true\"><i class=\"x-icon x-graphic-child x-graphic-icon x-graphic-primary\" aria-hidden=\"true\" data-x-icon-l=\"&#xf105;\"><\/i><\/span><div class=\"x-anchor-text\"><span class=\"x-anchor-text-primary\">Recursos<\/span><\/div><\/div><\/a><\/div><div class=\"x-col e139-e49 m3v-10 m3v-11 m3v-12 m3v-13\"><div class=\"x-frame x-frame-video-player e139-e50 m3v-2q m3v-2r\"><div class=\"x-frame-inner\"><div class=\"x-video x-video-player\" data-x-element-mejs=\"{&quot;poster&quot;:&quot;214:full&quot;,&quot;options&quot;:{&quot;pause_out_of_view&quot;:false}}\"><video class=\"x-mejs advanced-controls\" poster=\"https:\/\/emmsainc.com\/wp-content\/uploads\/poster-video-background.jpg\" preload=\"metadata\" options=\"\"><source src=\"https:\/\/emmsainc.com\/wp-content\/uploads\/cedis-planta-garcia-emmsa.mp4\" type=\"video\/mp4\"><\/video><\/div><\/div><\/div><hr class=\"x-line e139-e51 m3v-1v m3v-1w m3v-1y\"\/><div class=\"x-text x-content e139-e52 m3v-21 m3v-22 m3v-23 m3v-24 m3v-25 m3v-26 m3v-2a\">Take a peek with a quick tour of one of the most advanced facilities for plastic pipe manufacturing in Latinamerica.<\/div><\/div><\/div><\/div><\/div><div class=\"x-section e139-e53-v0 m3v-1 m3v-3 m3v-9\"><div class=\"x-container max width e139-e53-v1 m3v-2s\"><div class=\"x-column x-sm x-2-5 e139-e53-v2 m3v-2t\"><div class=\"x-text x-text-headline e139-e53-v3 m3v-17 m3v-1a m3v-1b m3v-1h m3v-1j m3v-1p m3v-1r m3v-1s m3v-a x-effect-exit\" data-x-effect=\"{&quot;scroll&quot;:true,&quot;offsetTop&quot;:&quot;10%&quot;,&quot;offsetBottom&quot;:&quot;10%&quot;,&quot;behaviorScroll&quot;:&quot;fire-once&quot;,&quot;animationEnter&quot;:&quot;slideInLeft&quot;,&quot;animationExit&quot;:&quot;slideOutRight&quot;}\"><div class=\"x-text-content\"><div class=\"x-text-content-text\"><h2 class=\"x-text-content-text-primary\">Nuestro Servicio<\/h2>\n<\/div><\/div><\/div><div class=\"x-text x-content e139-e53-v4 m3v-22 m3v-23 m3v-26 m3v-2g m3v-2h m3v-a x-effect-exit\" data-x-effect=\"{&quot;scroll&quot;:true,&quot;offsetTop&quot;:&quot;10%&quot;,&quot;offsetBottom&quot;:&quot;10%&quot;,&quot;behaviorScroll&quot;:&quot;fire-once&quot;,&quot;animationEnter&quot;:&quot;slideInLeft&quot;,&quot;animationExit&quot;:&quot;slideOutRight&quot;}\"><p>EMMSA USA Piping Systems constantly strives to maintain the highest quality standards in all of its PVC & CPVC piping systems for your pool & spa, waterworks, industrial, irrigation and construction applications.<\/p><\/div><div class=\"x-row e139-e53-v5 m3v-c m3v-g m3v-h m3v-n m3v-z\"><div class=\"x-row-inner\"><div class=\"x-col e139-e53-v6 m3v-10 m3v-11 m3v-15\"><a class=\"x-anchor x-anchor-button has-graphic e139-e53-v7 m3v-2j m3v-2p m3v-a m3v-b cursor_default x-effect-exit\" tabindex=\"0\" href=\"javascript:void(0);\" data-x-effect=\"{&quot;durationBase&quot;:&quot;300ms&quot;,&quot;scroll&quot;:true,&quot;offsetTop&quot;:&quot;10%&quot;,&quot;offsetBottom&quot;:&quot;10%&quot;,&quot;behaviorScroll&quot;:&quot;fire-once&quot;,&quot;animationEnter&quot;:&quot;rollIn&quot;,&quot;animationExit&quot;:&quot;rollOut&quot;}\" title=\"TRUST\"><div class=\"x-anchor-content\"><span class=\"x-graphic\" aria-hidden=\"true\"><span class=\"x-image x-graphic-child x-graphic-image x-graphic-primary\"><img decoding=\"async\" src=\"https:\/\/emmsainc.com\/wp-content\/uploads\/icon-trust-darkcyan-alt-1.png\" width=\"250\" height=\"250\" alt=\"Image\" loading=\"lazy\"><\/span><\/span><\/div><\/a><hr class=\"x-line e139-e53-v8 m3v-1v m3v-1z\"\/><a class=\"x-anchor x-anchor-button has-graphic e139-e53-v9 m3v-2j m3v-2p m3v-a m3v-b cursor_default x-effect-exit\" tabindex=\"0\" href=\"javascript:void(0);\" data-x-effect=\"{&quot;durationBase&quot;:&quot;300ms&quot;,&quot;scroll&quot;:true,&quot;offsetTop&quot;:&quot;10%&quot;,&quot;offsetBottom&quot;:&quot;10%&quot;,&quot;behaviorScroll&quot;:&quot;fire-once&quot;,&quot;animationEnter&quot;:&quot;rollIn&quot;,&quot;animationExit&quot;:&quot;rollOut&quot;}\" title=\"CALIDAD\"><div class=\"x-anchor-content\"><span class=\"x-graphic\" aria-hidden=\"true\"><span class=\"x-image x-graphic-child x-graphic-image x-graphic-primary\"><img decoding=\"async\" src=\"https:\/\/emmsainc.com\/wp-content\/uploads\/icon-quality-darkcyan-alt-1.png\" width=\"200\" height=\"200\" alt=\"Image\" loading=\"lazy\"><\/span><\/span><\/div><\/a><hr class=\"x-line e139-e53-v10 m3v-1v m3v-1z\"\/><a class=\"x-anchor x-anchor-button has-graphic e139-e53-v11 m3v-2j m3v-2p m3v-a m3v-b cursor_default x-effect-exit\" tabindex=\"0\" href=\"javascript:void(0);\" data-x-effect=\"{&quot;durationBase&quot;:&quot;300ms&quot;,&quot;scroll&quot;:true,&quot;offsetTop&quot;:&quot;10%&quot;,&quot;offsetBottom&quot;:&quot;10%&quot;,&quot;behaviorScroll&quot;:&quot;fire-once&quot;,&quot;animationEnter&quot;:&quot;rollIn&quot;,&quot;animationExit&quot;:&quot;rollOut&quot;}\" title=\"AVAILABILITY\"><div class=\"x-anchor-content\"><span class=\"x-graphic\" aria-hidden=\"true\"><span class=\"x-image x-graphic-child x-graphic-image x-graphic-primary\"><img decoding=\"async\" src=\"https:\/\/emmsainc.com\/wp-content\/uploads\/icon-availability-darkcyan-alt-1.png\" width=\"200\" height=\"200\" alt=\"Image\" loading=\"lazy\"><\/span><\/span><\/div><\/a><hr class=\"x-line e139-e53-v12 m3v-1v m3v-1z\"\/><a class=\"x-anchor x-anchor-button has-graphic e139-e53-v13 m3v-2j m3v-2p m3v-a m3v-b cursor_default x-effect-exit\" tabindex=\"0\" href=\"javascript:void(0);\" data-x-effect=\"{&quot;durationBase&quot;:&quot;300ms&quot;,&quot;scroll&quot;:true,&quot;offsetTop&quot;:&quot;10%&quot;,&quot;offsetBottom&quot;:&quot;10%&quot;,&quot;behaviorScroll&quot;:&quot;fire-once&quot;,&quot;animationEnter&quot;:&quot;rollIn&quot;,&quot;animationExit&quot;:&quot;rollOut&quot;}\" title=\"DELIVERY\"><div class=\"x-anchor-content\"><span class=\"x-graphic\" aria-hidden=\"true\"><span class=\"x-image x-graphic-child x-graphic-image x-graphic-primary\"><img decoding=\"async\" src=\"https:\/\/emmsainc.com\/wp-content\/uploads\/icon-delivery-darkcyan-alt-1.png\" width=\"200\" height=\"200\" alt=\"Image\" loading=\"lazy\"><\/span><\/span><\/div><\/a><\/div><\/div><\/div><\/div><div class=\"x-column x-sm x-3-5 e139-e53-v14 m3v-2t\"><hr class=\"x-line x-hide-lg x-hide-md x-hide-xl e139-e53-v15 m3v-1u m3v-1v m3v-1w\"\/><div class=\"x-text x-text-headline e139-e53-v16 m3v-19 m3v-1a m3v-1b m3v-1h m3v-1i m3v-1j m3v-1s m3v-1t\"><div class=\"x-text-content\"><div class=\"x-text-content-text\"><h3 class=\"x-text-content-text-primary\">QUE LE OFRECEMOS<\/h3>\n<\/div><\/div><\/div><div class=\"x-text x-content e139-e53-v17 m3v-21 m3v-22 m3v-23 m3v-2h m3v-2i\"><p><span class=\"rc_text_darkcyan_bold\">CONFIANZA.<\/span>&nbsp; With more than 50 years serving our customers, EMMSA USA will continue to offer the best products and services for your piping-related needs.<\/p>\n<p><span class=\"rc_text_darkcyan_bold\">CALIDAD.<\/span>&nbsp; Nuestras plantas de fabricaci\u00f3n mantienen los m\u00e1s altos est\u00e1ndares para entregar los mejores productos al mercado. Nuestro control de calidad est\u00e1 respaldado por una estricta certificaci\u00f3n QMS ISO 9001:2015.<\/p>\n<p><span class=\"rc_text_darkcyan_bold\">DISPONIBILIDAD.<\/span>&nbsp; Nuestros centros de distribuci\u00f3n, que est\u00e1n estrat\u00e9gicamente ubicados para brindarle un mejor servicio, siempre se esforzar\u00e1n por tener el stock adecuado para usted.<\/p>\n<p><span class=\"rc_text_darkcyan_bold\">ENTREGA.<\/span>&nbsp; To get our products when you need them, where you need them, that is what EMMSA USA is all about. Our logistics partners, both internal and external, will strive to deliver on time.<\/p><\/div><\/div><\/div><\/div><\/div>","protected":false},"excerpt":{"rendered":"<p>Trust With more than 50 yearsserving our customersOur Company Founded in 1975, EMMSA USA Piping Systems is dedicated to the manufacturing and wholesale distribution of piping systems and has established itself as one of the most important providers throughout all of Mexico, serving the Waterworks, Plumbing, Industrial, Agricultural and Turf Irrigation markets.Now serving the international markets.We can ship anywhere you &#8230; <\/p>\n<div><a href=\"https:\/\/emmsainc.com\/es\/our-company\/\" class=\"more-link\">Read More<\/a><\/div>","protected":false},"author":1,"featured_media":155,"parent":0,"menu_order":0,"comment_status":"closed","ping_status":"closed","template":"template-blank-4.php","meta":{"_acf_changed":false,"footnotes":""},"class_list":["post-139","page","type-page","status-publish","has-post-thumbnail","hentry"],"acf":[],"_links":{"self":[{"href":"https:\/\/emmsainc.com\/es\/wp-json\/wp\/v2\/pages\/139","targetHints":{"allow":["GET"]}}],"collection":[{"href":"https:\/\/emmsainc.com\/es\/wp-json\/wp\/v2\/pages"}],"about":[{"href":"https:\/\/emmsainc.com\/es\/wp-json\/wp\/v2\/types\/page"}],"author":[{"embeddable":true,"href":"https:\/\/emmsainc.com\/es\/wp-json\/wp\/v2\/users\/1"}],"replies":[{"embeddable":true,"href":"https:\/\/emmsainc.com\/es\/wp-json\/wp\/v2\/comments?post=139"}],"version-history":[{"count":20,"href":"https:\/\/emmsainc.com\/es\/wp-json\/wp\/v2\/pages\/139\/revisions"}],"predecessor-version":[{"id":3475,"href":"https:\/\/emmsainc.com\/es\/wp-json\/wp\/v2\/pages\/139\/revisions\/3475"}],"wp:featuredmedia":[{"embeddable":true,"href":"https:\/\/emmsainc.com\/es\/wp-json\/wp\/v2\/media\/155"}],"wp:attachment":[{"href":"https:\/\/emmsainc.com\/es\/wp-json\/wp\/v2\/media?parent=139"}],"curies":[{"name":"wp","href":"https:\/\/api.w.org\/{rel}","templated":true}]}}