{"id":142,"date":"2022-05-12T18:40:21","date_gmt":"2022-05-12T18:40:21","guid":{"rendered":"https:\/\/emmsainc.com\/our-quality\/"},"modified":"2025-12-31T19:59:10","modified_gmt":"2025-12-31T19:59:10","slug":"our-quality","status":"publish","type":"page","link":"https:\/\/emmsainc.com\/es\/our-quality\/","title":{"rendered":"Nuestra Calidad"},"content":{"rendered":"<div id=\"cs-content\" class=\"cs-content\"><div class=\"x-section e142-e1 m3y-0 m3y-1 m3y-2\" style=\"--tco-dc3y-0:url(https:\/\/emmsainc.com\/wp-content\/uploads\/image-pipe-line.jpg);\"><div class=\"x-bg\" aria-hidden=\"true\"><div class=\"x-bg-layer-lower-image\"><\/div><div class=\"x-bg-layer-upper-color\"><\/div><\/div><div class=\"x-row e142-e2 m3y-c m3y-d m3y-e m3y-f m3y-n m3y-o\"><div class=\"x-row-inner\"><div class=\"x-col e142-e3 m3y-w\"><div class=\"x-row x-container max width e142-e4 m3y-c m3y-d m3y-g m3y-h m3y-i m3y-n m3y-p\"><div class=\"x-row-inner\"><div class=\"x-col e142-e5 m3y-w m3y-x m3y-y m3y-z m3y-10\"><div class=\"x-text x-text-headline e142-e6 m3y-14 m3y-15 m3y-16 m3y-17 m3y-18 m3y-19 m3y-1a\"><div class=\"x-text-content\"><div class=\"x-text-content-text\"><h1 class=\"x-text-content-text-primary\">Nuestra Calidad<\/h1>\n<span class=\"x-text-content-text-subheadline\">Nuestras plantas de fabricaci\u00f3n mantienen los m\u00e1s altos est\u00e1ndares para entregar <span class=\"rc_text_semi rc_text_orange\">los mejores productos al mercado<\/span><\/span><\/div><\/div><\/div><\/div><\/div><\/div><\/div><\/div><\/div><\/div><div class=\"x-section e142-e7 m3y-1 m3y-3 m3y-4 m3y-5\"><div class=\"x-row x-container max width e142-e8 m3y-c m3y-d m3y-g m3y-h m3y-j m3y-q\"><div class=\"x-row-inner\"><div class=\"x-col e142-e9 m3y-w\"><div class=\"x-text x-text-headline x-hide-md x-hide-sm e142-e10 m3y-15 m3y-16 m3y-17 m3y-18 m3y-1b m3y-1c m3y-1d m3y-1e m3y-1f\"><div class=\"x-text-content\"><div class=\"x-text-content-text\"><h3 class=\"x-text-content-text-primary translation-block\">Certificaciones<br>\nde Est\u00e1ndares<br>\n<span class=\"rc_text_babyblue\">Internacionales<br>\nde Productos<\/span><\/h3>\n<\/div><\/div><\/div><div class=\"x-text x-text-headline x-hide-lg x-hide-xl x-hide-xs e142-e11 m3y-15 m3y-16 m3y-17 m3y-18 m3y-1b m3y-1c m3y-1d m3y-1e m3y-1f\"><div class=\"x-text-content\"><div class=\"x-text-content-text\"><h3 class=\"x-text-content-text-primary translation-block\">Certificaciones<br>\nde Est\u00e1ndares<br>\n<span class=\"rc_text_babyblue\">Internacionales<br>\nde Productos<\/span><\/h3>\n<\/div><\/div><\/div><\/div><div class=\"x-col e142-e12 m3y-w\"><div class=\"x-text x-text-headline has-graphic e142-e13 m3y-16 m3y-17 m3y-18 m3y-19 m3y-1b m3y-1f m3y-1g m3y-1h m3y-1i\"><div class=\"x-text-content\"><span class=\"x-graphic\" aria-hidden=\"true\"><i class=\"x-icon x-graphic-child x-graphic-icon x-graphic-primary\" aria-hidden=\"true\" data-x-icon-o=\"&#xf105;\"><\/i><\/span><div class=\"x-text-content-text\"><h2 class=\"x-text-content-text-primary\">PVC Sewer Pipe\n<\/h2>\n<span class=\"x-text-content-text-subheadline\">ASTM D3034, ASTM F679, ASTM F477 (gasket), ASTM D2321 (installation), ASTM D3212 (joints)<\/span><\/div><\/div><\/div><div class=\"x-text x-text-headline has-graphic e142-e13 m3y-16 m3y-17 m3y-18 m3y-19 m3y-1b m3y-1f m3y-1g m3y-1h m3y-1i\"><div class=\"x-text-content\"><span class=\"x-graphic\" aria-hidden=\"true\"><i class=\"x-icon x-graphic-child x-graphic-icon x-graphic-primary\" aria-hidden=\"true\" data-x-icon-o=\"&#xf105;\"><\/i><\/span><div class=\"x-text-content-text\"><h2 class=\"x-text-content-text-primary\">PVC PIP\n<\/h2>\n<span class=\"x-text-content-text-subheadline\">ASTM D2241<\/span><\/div><\/div><\/div><div class=\"x-text x-text-headline has-graphic e142-e13 m3y-16 m3y-17 m3y-18 m3y-19 m3y-1b m3y-1f m3y-1g m3y-1h m3y-1i\"><div class=\"x-text-content\"><span class=\"x-graphic\" aria-hidden=\"true\"><i class=\"x-icon x-graphic-child x-graphic-icon x-graphic-primary\" aria-hidden=\"true\" data-x-icon-o=\"&#xf105;\"><\/i><\/span><div class=\"x-text-content-text\"><h2 class=\"x-text-content-text-primary\">PVC Conduit SCH 40\n<\/h2>\n<span class=\"x-text-content-text-subheadline\">NSF\u00ae Listed, UL 651<\/span><\/div><\/div><\/div><div class=\"x-text x-text-headline has-graphic e142-e13 m3y-16 m3y-17 m3y-18 m3y-19 m3y-1b m3y-1f m3y-1g m3y-1h m3y-1i\"><div class=\"x-text-content\"><span class=\"x-graphic\" aria-hidden=\"true\"><i class=\"x-icon x-graphic-child x-graphic-icon x-graphic-primary\" aria-hidden=\"true\" data-x-icon-o=\"&#xf105;\"><\/i><\/span><div class=\"x-text-content-text\"><h2 class=\"x-text-content-text-primary\">CPVC CTS Pipe\n<\/h2>\n<span class=\"x-text-content-text-subheadline\">NSF\u00ae Listed, ASTM D2846<\/span><\/div><\/div><\/div><div class=\"x-text x-text-headline has-graphic e142-e13 m3y-16 m3y-17 m3y-18 m3y-19 m3y-1b m3y-1f m3y-1g m3y-1h m3y-1i\"><div class=\"x-text-content\"><span class=\"x-graphic\" aria-hidden=\"true\"><i class=\"x-icon x-graphic-child x-graphic-icon x-graphic-primary\" aria-hidden=\"true\" data-x-icon-o=\"&#xf105;\"><\/i><\/span><div class=\"x-text-content-text\"><h2 class=\"x-text-content-text-primary\">PVC C\u00e9dula 40\n<\/h2>\n<span class=\"x-text-content-text-subheadline\">NSF<small><small>\u00ae<\/small><\/small> Listado cumple con todos los requisitos de  ASTM\u00a0D1785, ASTM\u00a0D1784 y ASTM\u00a0D2665.<br\/>Doble marcado ASTM\u00a0D1785 y ASTM\u00a0D2665.<\/span><\/div><\/div><\/div><div class=\"x-text x-text-headline has-graphic e142-e13 m3y-16 m3y-17 m3y-18 m3y-19 m3y-1b m3y-1f m3y-1g m3y-1h m3y-1i\"><div class=\"x-text-content\"><span class=\"x-graphic\" aria-hidden=\"true\"><i class=\"x-icon x-graphic-child x-graphic-icon x-graphic-primary\" aria-hidden=\"true\" data-x-icon-o=\"&#xf105;\"><\/i><\/span><div class=\"x-text-content-text\"><h2 class=\"x-text-content-text-primary\">PVC C\u00e9dula 80\n<\/h2>\n<span class=\"x-text-content-text-subheadline\">Certificado de acuerdo a NSF\/ANSI 372.<br\/>Fabricado de acuerdo a ASTM\u00a0D1785.<\/span><\/div><\/div><\/div><div class=\"x-text x-text-headline has-graphic e142-e13 m3y-16 m3y-17 m3y-18 m3y-19 m3y-1b m3y-1f m3y-1g m3y-1h m3y-1i\"><div class=\"x-text-content\"><span class=\"x-graphic\" aria-hidden=\"true\"><i class=\"x-icon x-graphic-child x-graphic-icon x-graphic-primary\" aria-hidden=\"true\" data-x-icon-o=\"&#xf105;\"><\/i><\/span><div class=\"x-text-content-text\"><h2 class=\"x-text-content-text-primary\">CPVC SCH 80\n<\/h2>\n<span class=\"x-text-content-text-subheadline\">NSF\u00ae Listed, ASTM F441<\/span><\/div><\/div><\/div><div class=\"x-text x-text-headline has-graphic e142-e13 m3y-16 m3y-17 m3y-18 m3y-19 m3y-1b m3y-1f m3y-1g m3y-1h m3y-1i\"><div class=\"x-text-content\"><span class=\"x-graphic\" aria-hidden=\"true\"><i class=\"x-icon x-graphic-child x-graphic-icon x-graphic-primary\" aria-hidden=\"true\" data-x-icon-o=\"&#xf105;\"><\/i><\/span><div class=\"x-text-content-text\"><h2 class=\"x-text-content-text-primary\">PVC C900\n<\/h2>\n<span class=\"x-text-content-text-subheadline\">NSF 14, NSF 61, ANSI\/AWWA C900, UL 1285, FM 1612 (DR14 & DR18), ASTM F447, ASTM D3139<\/span><\/div><\/div><\/div><div class=\"x-text x-text-headline has-graphic e142-e13 m3y-16 m3y-17 m3y-18 m3y-19 m3y-1b m3y-1f m3y-1g m3y-1h m3y-1i\"><div class=\"x-text-content\"><span class=\"x-graphic\" aria-hidden=\"true\"><i class=\"x-icon x-graphic-child x-graphic-icon x-graphic-primary\" aria-hidden=\"true\" data-x-icon-o=\"&#xf105;\"><\/i><\/span><div class=\"x-text-content-text\"><h2 class=\"x-text-content-text-primary\">PVC IPS SDR Pressure Pipe\n<\/h2>\n<span class=\"x-text-content-text-subheadline\">NSF\u00ae Listed, ASTM F441<\/span><\/div><\/div><\/div><\/div><\/div><\/div><\/div><div class=\"x-section e142-e14 m3y-1 m3y-2 m3y-3 m3y-6\"><div class=\"x-row e142-e15 m3y-c m3y-d m3y-g m3y-h m3y-k m3y-r\"><div class=\"x-row-inner\"><div class=\"x-col e142-e16 m3y-w\"><div class=\"x-grid e142-e17 m3y-1n m3y-1o\"><div class=\"x-cell e142-e18 m3y-1q m3y-1r m3y-1s m3y-1t m3y-1u m3y-1v m3y-1w m3y-1x\"><div class=\"x-bg\"><div class=\"x-bg-layer-lower-img\"><img decoding=\"async\" src=\"https:\/\/emmsainc.com\/wp-content\/uploads\/image-pvc-resin.jpg\" alt=\"Image\" loading=\"lazy\"\/><\/div><\/div><\/div><div class=\"x-cell e142-e19 m3y-1r m3y-1s m3y-1v m3y-1w m3y-1y\"><div class=\"x-text x-content e142-e20 m3y-28 m3y-29 m3y-2a m3y-2b m3y-2c\"><span class=\"rc_text_semi\">EMMSA USA Piping Systems<\/span> utiliza materias primas reci\u00e9n procesadas que cumplen o exceden las normas nacionales e internacionales.<\/div><\/div><div class=\"x-cell e142-e21 m3y-1u m3y-1v m3y-1w m3y-1x m3y-1z m3y-20\"><span class=\"x-image e142-e22 m3y-2h\"><img decoding=\"async\" src=\"https:\/\/emmsainc.com\/wp-content\/uploads\/image-seal-es.png\" alt=\"Image\" loading=\"lazy\"><\/span><\/div><\/div><\/div><\/div><\/div><\/div><div class=\"x-section x-hide-lg x-hide-md x-hide-sm x-hide-xl x-hide-xs e142-e23 m3y-1 m3y-3 m3y-4 m3y-6 m3y-7 section_gradient_medium_down\"><div class=\"x-row x-container max width e142-e24 m3y-c m3y-d m3y-g m3y-h m3y-l m3y-s m3y-t\"><div class=\"x-row-inner\"><div class=\"x-col e142-e25 m3y-w m3y-x m3y-y m3y-z m3y-10\"><div class=\"x-text x-text-headline e142-e26 m3y-15 m3y-16 m3y-17 m3y-18 m3y-19 m3y-1a m3y-1b m3y-1d m3y-1i m3y-1j\"><div class=\"x-text-content\"><div class=\"x-text-content-text\"><h2 class=\"x-text-content-text-primary\">Manufacturing Plant Locations<\/h2>\n<span class=\"x-text-content-text-subheadline\">EMMSA currently has five production plants, Apodaca and Garcia plants in Nuevo Leon, Los Mochis, Sinaloa, Merida, Yucatan and Leon, Guanajuato.<\/span><\/div><\/div><\/div><hr class=\"x-line e142-e27 m3y-2i m3y-2j m3y-2k\"\/><a class=\"x-anchor x-anchor-button has-graphic e142-e28 m3y-2n m3y-2o m3y-2p m3y-2q\" tabindex=\"0\" href=\"https:\/\/emmsainc.com\/wp-content\/uploads\/2022\/02\/cedis-planta-garcia-emmsa-720p.mp4\"><div class=\"x-anchor-content\"><span class=\"x-graphic\" aria-hidden=\"true\"><i class=\"x-icon x-graphic-child x-graphic-icon x-graphic-primary\" aria-hidden=\"true\" data-x-icon-l=\"&#xf105;\"><\/i><\/span><div class=\"x-anchor-text\"><span class=\"x-anchor-text-primary\">See Our Locations<\/span><\/div><\/div><\/a><\/div><div class=\"x-col e142-e29 m3y-w m3y-x m3y-y m3y-11 m3y-12\"><div class=\"x-grid x-container max width e142-e30 m3y-1n m3y-1p\"><div class=\"x-cell e142-e31 m3y-1q m3y-1s m3y-1v m3y-1x m3y-21\"><div class=\"x-bg\"><div class=\"x-bg-layer-lower-img\"><img decoding=\"async\" src=\"https:\/\/emmsainc.com\/wp-content\/uploads\/image-plant-map.png\" alt=\"Image\" loading=\"lazy\"\/><\/div><\/div><\/div><div class=\"x-cell e142-e32 m3y-1v m3y-1w m3y-1x m3y-20 m3y-22 m3y-23\"><div class=\"x-anchor x-anchor-toggle has-graphic e142-e33 m3y-2n m3y-2p m3y-2r m3y-2s\" tabindex=\"0\" role=\"button\" data-x-toggle=\"1\" data-x-toggleable=\"e142-e33\" data-x-toggle-overlay=\"1\" aria-controls=\"e142-e33-modal\" aria-expanded=\"false\" aria-haspopup=\"true\" aria-label=\"Toggle Modal Content\" title=\"Garcia Facility\"><div class=\"x-anchor-content\"><span class=\"x-graphic\" aria-hidden=\"true\"><span class=\"x-image x-graphic-child x-graphic-image x-graphic-primary\"><img decoding=\"async\" src=\"https:\/\/emmsainc.com\/wp-content\/uploads\/image-plant-marker.png\" width=\"60\" height=\"80\" alt=\"Image\" loading=\"lazy\"><\/span><\/span><\/div><\/div><\/div><div class=\"x-cell e142-e34 m3y-1v m3y-1w m3y-1x m3y-20 m3y-23 m3y-24\"><div class=\"x-anchor x-anchor-toggle has-graphic e142-e35 m3y-2n m3y-2p m3y-2r m3y-2s\" tabindex=\"0\" role=\"button\" data-x-toggle=\"1\" data-x-toggleable=\"e142-e35\" data-x-toggle-overlay=\"1\" aria-controls=\"e142-e35-modal\" aria-expanded=\"false\" aria-haspopup=\"true\" aria-label=\"Toggle Modal Content\" title=\"Apodaca Facility\"><div class=\"x-anchor-content\"><span class=\"x-graphic\" aria-hidden=\"true\"><span class=\"x-image x-graphic-child x-graphic-image x-graphic-primary\"><img decoding=\"async\" src=\"https:\/\/emmsainc.com\/wp-content\/uploads\/image-plant-marker.png\" width=\"60\" height=\"80\" alt=\"Image\" loading=\"lazy\"><\/span><\/span><\/div><\/div><\/div><div class=\"x-cell e142-e36 m3y-1v m3y-1w m3y-1x m3y-20 m3y-23 m3y-25\"><div class=\"x-anchor x-anchor-toggle has-graphic e142-e37 m3y-2n m3y-2p m3y-2r m3y-2s\" tabindex=\"0\" role=\"button\" data-x-toggle=\"1\" data-x-toggleable=\"e142-e37\" data-x-toggle-overlay=\"1\" aria-controls=\"e142-e37-modal\" aria-expanded=\"false\" aria-haspopup=\"true\" aria-label=\"Toggle Modal Content\" title=\"Leon Facility\"><div class=\"x-anchor-content\"><span class=\"x-graphic\" aria-hidden=\"true\"><span class=\"x-image x-graphic-child x-graphic-image x-graphic-primary\"><img decoding=\"async\" src=\"https:\/\/emmsainc.com\/wp-content\/uploads\/image-plant-marker.png\" width=\"60\" height=\"80\" alt=\"Image\" loading=\"lazy\"><\/span><\/span><\/div><\/div><\/div><div class=\"x-cell e142-e38 m3y-1v m3y-1w m3y-1x m3y-20 m3y-23 m3y-26\"><div class=\"x-anchor x-anchor-toggle has-graphic e142-e39 m3y-2n m3y-2p m3y-2r m3y-2s\" tabindex=\"0\" role=\"button\" data-x-toggle=\"1\" data-x-toggleable=\"e142-e39\" data-x-toggle-overlay=\"1\" aria-controls=\"e142-e39-modal\" aria-expanded=\"false\" aria-haspopup=\"true\" aria-label=\"Toggle Modal Content\" title=\"Los Mochis Facility\"><div class=\"x-anchor-content\"><span class=\"x-graphic\" aria-hidden=\"true\"><span class=\"x-image x-graphic-child x-graphic-image x-graphic-primary\"><img decoding=\"async\" src=\"https:\/\/emmsainc.com\/wp-content\/uploads\/image-plant-marker.png\" width=\"60\" height=\"80\" alt=\"Image\" loading=\"lazy\"><\/span><\/span><\/div><\/div><\/div><div class=\"x-cell e142-e40 m3y-1v m3y-1w m3y-1x m3y-20 m3y-23 m3y-27\"><div class=\"x-anchor x-anchor-toggle has-graphic e142-e41 m3y-2n m3y-2p m3y-2r m3y-2s\" tabindex=\"0\" role=\"button\" data-x-toggle=\"1\" data-x-toggleable=\"e142-e41\" data-x-toggle-overlay=\"1\" aria-controls=\"e142-e41-modal\" aria-expanded=\"false\" aria-haspopup=\"true\" aria-label=\"Toggle Modal Content\" title=\"Merida Facility\"><div class=\"x-anchor-content\"><span class=\"x-graphic\" aria-hidden=\"true\"><span class=\"x-image x-graphic-child x-graphic-image x-graphic-primary\"><img decoding=\"async\" src=\"https:\/\/emmsainc.com\/wp-content\/uploads\/image-plant-marker.png\" width=\"60\" height=\"80\" alt=\"Image\" loading=\"lazy\"><\/span><\/span><\/div><\/div><\/div><\/div><\/div><\/div><\/div><\/div><div class=\"x-section e142-e42 m3y-1 m3y-3 m3y-6 m3y-8 section_gradient_light_down\"><div class=\"x-row x-container max width e142-e43 m3y-c m3y-d m3y-g m3y-h m3y-l m3y-s m3y-u\"><div class=\"x-row-inner\"><div class=\"x-col e142-e44 m3y-w m3y-x m3y-y m3y-z m3y-10\"><div class=\"x-text x-content e142-e45 m3y-28 m3y-29 m3y-2b m3y-2c m3y-2d\"><p><span class=\"rc_text_semi\">EMMSA USA Piping Systems<\/span> opera sus instalaciones de fabricaci\u00f3n bajo el <span class=\"rc_text_semi\">ISO\u00a09001:2015<\/span> (Certificaci\u00f3n del Sistema de Gesti\u00f3n de Calidad Multi-sitio).<\/p><\/div><\/div><\/div><\/div><\/div><div class=\"x-section e142-e46-v0 m3y-1 m3y-3 m3y-9\"><div class=\"x-container max width e142-e46-v1 m3y-2v\"><div class=\"x-column x-sm x-2-5 e142-e46-v2 m3y-2w\"><div class=\"x-text x-text-headline e142-e46-v3 m3y-15 m3y-16 m3y-18 m3y-1b m3y-1e m3y-1i m3y-1k m3y-1l m3y-a x-effect-exit\" data-x-effect=\"{&quot;scroll&quot;:true,&quot;offsetTop&quot;:&quot;10%&quot;,&quot;offsetBottom&quot;:&quot;10%&quot;,&quot;behaviorScroll&quot;:&quot;fire-once&quot;,&quot;animationEnter&quot;:&quot;slideInLeft&quot;,&quot;animationExit&quot;:&quot;slideOutRight&quot;}\"><div class=\"x-text-content\"><div class=\"x-text-content-text\"><h2 class=\"x-text-content-text-primary\">Nuestro Servicio<\/h2>\n<\/div><\/div><\/div><div class=\"x-text x-content e142-e46-v4 m3y-29 m3y-2c m3y-2e m3y-2f m3y-a x-effect-exit\" data-x-effect=\"{&quot;scroll&quot;:true,&quot;offsetTop&quot;:&quot;10%&quot;,&quot;offsetBottom&quot;:&quot;10%&quot;,&quot;behaviorScroll&quot;:&quot;fire-once&quot;,&quot;animationEnter&quot;:&quot;slideInLeft&quot;,&quot;animationExit&quot;:&quot;slideOutRight&quot;}\"><p>EMMSA USA Piping Systems constantly strives to maintain the highest quality standards in all of its PVC & CPVC piping systems for your pool & spa, waterworks, industrial, irrigation and construction applications.<\/p><\/div><div class=\"x-row e142-e46-v5 m3y-c m3y-f m3y-g m3y-m m3y-v\"><div class=\"x-row-inner\"><div class=\"x-col e142-e46-v6 m3y-w m3y-x m3y-z m3y-12 m3y-13\"><a class=\"x-anchor x-anchor-button has-graphic e142-e46-v7 m3y-2n m3y-2q m3y-2r m3y-2t m3y-a m3y-b cursor_default x-effect-exit\" tabindex=\"0\" href=\"javascript:void(0);\" data-x-effect=\"{&quot;durationBase&quot;:&quot;300ms&quot;,&quot;scroll&quot;:true,&quot;offsetTop&quot;:&quot;10%&quot;,&quot;offsetBottom&quot;:&quot;10%&quot;,&quot;behaviorScroll&quot;:&quot;fire-once&quot;,&quot;animationEnter&quot;:&quot;rollIn&quot;,&quot;animationExit&quot;:&quot;rollOut&quot;}\" title=\"TRUST\"><div class=\"x-anchor-content\"><span class=\"x-graphic\" aria-hidden=\"true\"><span class=\"x-image x-graphic-child x-graphic-image x-graphic-primary\"><img decoding=\"async\" src=\"https:\/\/emmsainc.com\/wp-content\/uploads\/icon-trust-darkcyan-alt-1.png\" width=\"250\" height=\"250\" alt=\"Image\" loading=\"lazy\"><\/span><\/span><\/div><\/a><hr class=\"x-line e142-e46-v8 m3y-2j m3y-2l\"\/><a class=\"x-anchor x-anchor-button has-graphic e142-e46-v9 m3y-2n m3y-2q m3y-2r m3y-2t m3y-a m3y-b cursor_default x-effect-exit\" tabindex=\"0\" href=\"javascript:void(0);\" data-x-effect=\"{&quot;durationBase&quot;:&quot;300ms&quot;,&quot;scroll&quot;:true,&quot;offsetTop&quot;:&quot;10%&quot;,&quot;offsetBottom&quot;:&quot;10%&quot;,&quot;behaviorScroll&quot;:&quot;fire-once&quot;,&quot;animationEnter&quot;:&quot;rollIn&quot;,&quot;animationExit&quot;:&quot;rollOut&quot;}\" title=\"CALIDAD\"><div class=\"x-anchor-content\"><span class=\"x-graphic\" aria-hidden=\"true\"><span class=\"x-image x-graphic-child x-graphic-image x-graphic-primary\"><img decoding=\"async\" src=\"https:\/\/emmsainc.com\/wp-content\/uploads\/icon-quality-darkcyan-alt-1.png\" width=\"200\" height=\"200\" alt=\"Image\" loading=\"lazy\"><\/span><\/span><\/div><\/a><hr class=\"x-line e142-e46-v10 m3y-2j m3y-2l\"\/><a class=\"x-anchor x-anchor-button has-graphic e142-e46-v11 m3y-2n m3y-2q m3y-2r m3y-2t m3y-a m3y-b cursor_default x-effect-exit\" tabindex=\"0\" href=\"javascript:void(0);\" data-x-effect=\"{&quot;durationBase&quot;:&quot;300ms&quot;,&quot;scroll&quot;:true,&quot;offsetTop&quot;:&quot;10%&quot;,&quot;offsetBottom&quot;:&quot;10%&quot;,&quot;behaviorScroll&quot;:&quot;fire-once&quot;,&quot;animationEnter&quot;:&quot;rollIn&quot;,&quot;animationExit&quot;:&quot;rollOut&quot;}\" title=\"AVAILABILITY\"><div class=\"x-anchor-content\"><span class=\"x-graphic\" aria-hidden=\"true\"><span class=\"x-image x-graphic-child x-graphic-image x-graphic-primary\"><img decoding=\"async\" src=\"https:\/\/emmsainc.com\/wp-content\/uploads\/icon-availability-darkcyan-alt-1.png\" width=\"200\" height=\"200\" alt=\"Image\" loading=\"lazy\"><\/span><\/span><\/div><\/a><hr class=\"x-line e142-e46-v12 m3y-2j m3y-2l\"\/><a class=\"x-anchor x-anchor-button has-graphic e142-e46-v13 m3y-2n m3y-2q m3y-2r m3y-2t m3y-a m3y-b cursor_default x-effect-exit\" tabindex=\"0\" href=\"javascript:void(0);\" data-x-effect=\"{&quot;durationBase&quot;:&quot;300ms&quot;,&quot;scroll&quot;:true,&quot;offsetTop&quot;:&quot;10%&quot;,&quot;offsetBottom&quot;:&quot;10%&quot;,&quot;behaviorScroll&quot;:&quot;fire-once&quot;,&quot;animationEnter&quot;:&quot;rollIn&quot;,&quot;animationExit&quot;:&quot;rollOut&quot;}\" title=\"DELIVERY\"><div class=\"x-anchor-content\"><span class=\"x-graphic\" aria-hidden=\"true\"><span class=\"x-image x-graphic-child x-graphic-image x-graphic-primary\"><img decoding=\"async\" src=\"https:\/\/emmsainc.com\/wp-content\/uploads\/icon-delivery-darkcyan-alt-1.png\" width=\"200\" height=\"200\" alt=\"Image\" loading=\"lazy\"><\/span><\/span><\/div><\/a><\/div><\/div><\/div><\/div><div class=\"x-column x-sm x-3-5 e142-e46-v14 m3y-2w\"><hr class=\"x-line x-hide-lg x-hide-md x-hide-xl e142-e46-v15 m3y-2j m3y-2k m3y-2m\"\/><div class=\"x-text x-text-headline e142-e46-v16 m3y-17 m3y-18 m3y-1b m3y-1e m3y-1h m3y-1l m3y-1m\"><div class=\"x-text-content\"><div class=\"x-text-content-text\"><h3 class=\"x-text-content-text-primary\">QUE LE OFRECEMOS<\/h3>\n<\/div><\/div><\/div><div class=\"x-text x-content e142-e46-v17 m3y-28 m3y-29 m3y-2f m3y-2g\"><p><span class=\"rc_text_darkcyan_bold\">CONFIANZA.<\/span>&nbsp; With more than 50 years serving our customers, EMMSA USA will continue to offer the best products and services for your piping-related needs.<\/p>\n<p><span class=\"rc_text_darkcyan_bold\">CALIDAD.<\/span>&nbsp; Nuestras plantas de fabricaci\u00f3n mantienen los m\u00e1s altos est\u00e1ndares para entregar los mejores productos al mercado. Nuestro control de calidad est\u00e1 respaldado por una estricta certificaci\u00f3n QMS ISO 9001:2015.<\/p>\n<p><span class=\"rc_text_darkcyan_bold\">DISPONIBILIDAD.<\/span>&nbsp; Nuestros centros de distribuci\u00f3n, que est\u00e1n estrat\u00e9gicamente ubicados para brindarle un mejor servicio, siempre se esforzar\u00e1n por tener el stock adecuado para usted.<\/p>\n<p><span class=\"rc_text_darkcyan_bold\">ENTREGA.<\/span>&nbsp; To get our products when you need them, where you need them, that is what EMMSA USA is all about. Our logistics partners, both internal and external, will strive to deliver on time.<\/p><\/div><\/div><\/div><\/div><\/div>","protected":false},"excerpt":{"rendered":"<p>Our Quality Our manufacturing plants maintain the highest standards to deliver the best products to the marketInternational Product Standard Certifications International Product Standard Certifications PVC Sewer Pipe ASTM D3034, ASTM F679, ASTM F477 (gasket), ASTM D2321 (installation), ASTM D3212 (joints)PVC PIP ASTM D2241PVC Conduit SCH 40 NSF\u00ae Listed, UL 651CPVC CTS Pipe NSF\u00ae Listed, ASTM D2846PVC Schedule 40 NSF\u00ae Listed &#8230; <\/p>\n<div><a href=\"https:\/\/emmsainc.com\/es\/our-quality\/\" class=\"more-link\">Read More<\/a><\/div>","protected":false},"author":1,"featured_media":208,"parent":0,"menu_order":0,"comment_status":"closed","ping_status":"closed","template":"template-blank-4.php","meta":{"_acf_changed":false,"footnotes":""},"class_list":["post-142","page","type-page","status-publish","has-post-thumbnail","hentry"],"acf":[],"_links":{"self":[{"href":"https:\/\/emmsainc.com\/es\/wp-json\/wp\/v2\/pages\/142","targetHints":{"allow":["GET"]}}],"collection":[{"href":"https:\/\/emmsainc.com\/es\/wp-json\/wp\/v2\/pages"}],"about":[{"href":"https:\/\/emmsainc.com\/es\/wp-json\/wp\/v2\/types\/page"}],"author":[{"embeddable":true,"href":"https:\/\/emmsainc.com\/es\/wp-json\/wp\/v2\/users\/1"}],"replies":[{"embeddable":true,"href":"https:\/\/emmsainc.com\/es\/wp-json\/wp\/v2\/comments?post=142"}],"version-history":[{"count":6,"href":"https:\/\/emmsainc.com\/es\/wp-json\/wp\/v2\/pages\/142\/revisions"}],"predecessor-version":[{"id":3476,"href":"https:\/\/emmsainc.com\/es\/wp-json\/wp\/v2\/pages\/142\/revisions\/3476"}],"wp:featuredmedia":[{"embeddable":true,"href":"https:\/\/emmsainc.com\/es\/wp-json\/wp\/v2\/media\/208"}],"wp:attachment":[{"href":"https:\/\/emmsainc.com\/es\/wp-json\/wp\/v2\/media?parent=142"}],"curies":[{"name":"wp","href":"https:\/\/api.w.org\/{rel}","templated":true}]}}