{"id":237,"date":"2022-05-12T22:17:11","date_gmt":"2022-05-12T22:17:11","guid":{"rendered":"https:\/\/emmsainc.com\/resources\/"},"modified":"2025-12-31T19:59:16","modified_gmt":"2025-12-31T19:59:16","slug":"resources","status":"publish","type":"page","link":"https:\/\/emmsainc.com\/es\/resources\/","title":{"rendered":"Recursos"},"content":{"rendered":"<div id=\"cs-content\" class=\"cs-content\"><div class=\"x-section e237-e1 m6l-0 m6l-1\" style=\"--tco-dc6l-0:url(https:\/\/emmsainc.com\/wp-content\/uploads\/image-resources.jpg);\"><div class=\"x-bg\" aria-hidden=\"true\"><div class=\"x-bg-layer-lower-image\"><\/div><div class=\"x-bg-layer-upper-color\"><\/div><\/div><div class=\"x-row e237-e2 m6l-7 m6l-8 m6l-9 m6l-a m6l-b m6l-h m6l-i\"><div class=\"x-row-inner\"><div class=\"x-col e237-e3 m6l-m\"><div class=\"x-row x-container max width e237-e4 m6l-7 m6l-8 m6l-c m6l-d m6l-e m6l-h m6l-j\"><div class=\"x-row-inner\"><div class=\"x-col e237-e5 m6l-m m6l-n m6l-o m6l-p m6l-q\"><div class=\"x-text x-text-headline e237-e6 m6l-t m6l-u m6l-v m6l-w\"><div class=\"x-text-content\"><div class=\"x-text-content-text\"><h1 class=\"x-text-content-text-primary\">Recursos<\/h1>\n<span class=\"x-text-content-text-subheadline\"><span class=\"rc_text_semi\">In this section you will find<\/span> specification sheets, certifications, brochures, videos, FAQs and more<\/span><\/div><\/div><\/div><\/div><\/div><\/div><\/div><\/div><\/div><\/div><div class=\"x-section e237-e7 m6l-1 m6l-2 m6l-3\"><div class=\"x-row x-container max width e237-e8 m6l-7 m6l-8 m6l-a m6l-b m6l-c m6l-f m6l-k\"><div class=\"x-row-inner\"><div class=\"x-col e237-e9 m6l-m m6l-n m6l-q m6l-r m6l-s\"><i class=\"x-icon e237-e10 m6l-10\" aria-hidden=\"true\" data-x-icon-s=\"&#xf85d;\"><\/i><\/div><\/div><\/div><\/div><div class=\"x-section e237-e11-v0 m6l-1 m6l-2 m6l-4\"><div class=\"x-container max width e237-e11-v1 m6l-11\"><div class=\"x-column x-sm x-2-5 e237-e11-v2 m6l-12\"><div class=\"x-text x-text-headline e237-e11-v3 m6l-u m6l-w m6l-x m6l-y m6l-5 x-effect-exit\" data-x-effect=\"{&quot;scroll&quot;:true,&quot;offsetTop&quot;:&quot;10%&quot;,&quot;offsetBottom&quot;:&quot;10%&quot;,&quot;behaviorScroll&quot;:&quot;fire-once&quot;,&quot;animationEnter&quot;:&quot;slideInLeft&quot;,&quot;animationExit&quot;:&quot;slideOutRight&quot;}\"><div class=\"x-text-content\"><div class=\"x-text-content-text\"><h2 class=\"x-text-content-text-primary\">Nuestro Servicio<\/h2>\n<\/div><\/div><\/div><div class=\"x-text x-content e237-e11-v4 m6l-13 m6l-14 m6l-5 x-effect-exit\" data-x-effect=\"{&quot;scroll&quot;:true,&quot;offsetTop&quot;:&quot;10%&quot;,&quot;offsetBottom&quot;:&quot;10%&quot;,&quot;behaviorScroll&quot;:&quot;fire-once&quot;,&quot;animationEnter&quot;:&quot;slideInLeft&quot;,&quot;animationExit&quot;:&quot;slideOutRight&quot;}\"><p>EMMSA USA Piping Systems constantly strives to maintain the highest quality standards in all of its PVC & CPVC piping systems for your pool & spa, waterworks, industrial, irrigation and construction applications.<\/p><\/div><div class=\"x-row e237-e11-v5 m6l-7 m6l-b m6l-c m6l-d m6l-g m6l-l\"><div class=\"x-row-inner\"><div class=\"x-col e237-e11-v6 m6l-m m6l-n m6l-p m6l-r\"><a class=\"x-anchor x-anchor-button has-graphic e237-e11-v7 m6l-16 m6l-5 m6l-6 cursor_default x-effect-exit\" tabindex=\"0\" href=\"javascript:void(0);\" data-x-effect=\"{&quot;durationBase&quot;:&quot;300ms&quot;,&quot;scroll&quot;:true,&quot;offsetTop&quot;:&quot;10%&quot;,&quot;offsetBottom&quot;:&quot;10%&quot;,&quot;behaviorScroll&quot;:&quot;fire-once&quot;,&quot;animationEnter&quot;:&quot;rollIn&quot;,&quot;animationExit&quot;:&quot;rollOut&quot;}\" title=\"TRUST\"><div class=\"x-anchor-content\"><span class=\"x-graphic\" aria-hidden=\"true\"><span class=\"x-image x-graphic-child x-graphic-image x-graphic-primary\"><img decoding=\"async\" src=\"https:\/\/emmsainc.com\/wp-content\/uploads\/icon-trust-darkcyan-alt-1.png\" width=\"250\" height=\"250\" alt=\"Image\" loading=\"lazy\"><\/span><\/span><\/div><\/a><hr class=\"x-line e237-e11-v8 m6l-17 m6l-18\"\/><a class=\"x-anchor x-anchor-button has-graphic e237-e11-v9 m6l-16 m6l-5 m6l-6 cursor_default x-effect-exit\" tabindex=\"0\" href=\"javascript:void(0);\" data-x-effect=\"{&quot;durationBase&quot;:&quot;300ms&quot;,&quot;scroll&quot;:true,&quot;offsetTop&quot;:&quot;10%&quot;,&quot;offsetBottom&quot;:&quot;10%&quot;,&quot;behaviorScroll&quot;:&quot;fire-once&quot;,&quot;animationEnter&quot;:&quot;rollIn&quot;,&quot;animationExit&quot;:&quot;rollOut&quot;}\" title=\"CALIDAD\"><div class=\"x-anchor-content\"><span class=\"x-graphic\" aria-hidden=\"true\"><span class=\"x-image x-graphic-child x-graphic-image x-graphic-primary\"><img decoding=\"async\" src=\"https:\/\/emmsainc.com\/wp-content\/uploads\/icon-quality-darkcyan-alt-1.png\" width=\"200\" height=\"200\" alt=\"Image\" loading=\"lazy\"><\/span><\/span><\/div><\/a><hr class=\"x-line e237-e11-v10 m6l-17 m6l-18\"\/><a class=\"x-anchor x-anchor-button has-graphic e237-e11-v11 m6l-16 m6l-5 m6l-6 cursor_default x-effect-exit\" tabindex=\"0\" href=\"javascript:void(0);\" data-x-effect=\"{&quot;durationBase&quot;:&quot;300ms&quot;,&quot;scroll&quot;:true,&quot;offsetTop&quot;:&quot;10%&quot;,&quot;offsetBottom&quot;:&quot;10%&quot;,&quot;behaviorScroll&quot;:&quot;fire-once&quot;,&quot;animationEnter&quot;:&quot;rollIn&quot;,&quot;animationExit&quot;:&quot;rollOut&quot;}\" title=\"AVAILABILITY\"><div class=\"x-anchor-content\"><span class=\"x-graphic\" aria-hidden=\"true\"><span class=\"x-image x-graphic-child x-graphic-image x-graphic-primary\"><img decoding=\"async\" src=\"https:\/\/emmsainc.com\/wp-content\/uploads\/icon-availability-darkcyan-alt-1.png\" width=\"200\" height=\"200\" alt=\"Image\" loading=\"lazy\"><\/span><\/span><\/div><\/a><hr class=\"x-line e237-e11-v12 m6l-17 m6l-18\"\/><a class=\"x-anchor x-anchor-button has-graphic e237-e11-v13 m6l-16 m6l-5 m6l-6 cursor_default x-effect-exit\" tabindex=\"0\" href=\"javascript:void(0);\" data-x-effect=\"{&quot;durationBase&quot;:&quot;300ms&quot;,&quot;scroll&quot;:true,&quot;offsetTop&quot;:&quot;10%&quot;,&quot;offsetBottom&quot;:&quot;10%&quot;,&quot;behaviorScroll&quot;:&quot;fire-once&quot;,&quot;animationEnter&quot;:&quot;rollIn&quot;,&quot;animationExit&quot;:&quot;rollOut&quot;}\" title=\"DELIVERY\"><div class=\"x-anchor-content\"><span class=\"x-graphic\" aria-hidden=\"true\"><span class=\"x-image x-graphic-child x-graphic-image x-graphic-primary\"><img decoding=\"async\" src=\"https:\/\/emmsainc.com\/wp-content\/uploads\/icon-delivery-darkcyan-alt-1.png\" width=\"200\" height=\"200\" alt=\"Image\" loading=\"lazy\"><\/span><\/span><\/div><\/a><\/div><\/div><\/div><\/div><div class=\"x-column x-sm x-3-5 e237-e11-v14 m6l-12\"><hr class=\"x-line x-hide-lg x-hide-md x-hide-xl e237-e11-v15 m6l-18 m6l-19\"\/><div class=\"x-text x-text-headline e237-e11-v16 m6l-v m6l-w m6l-x m6l-z\"><div class=\"x-text-content\"><div class=\"x-text-content-text\"><h3 class=\"x-text-content-text-primary\">QUE LE OFRECEMOS<\/h3>\n<\/div><\/div><\/div><div class=\"x-text x-content e237-e11-v17 m6l-14 m6l-15\"><p><span class=\"rc_text_darkcyan_bold\">CONFIANZA.<\/span>&nbsp; With more than 50 years serving our customers, EMMSA USA will continue to offer the best products and services for your piping-related needs.<\/p>\n<p><span class=\"rc_text_darkcyan_bold\">CALIDAD.<\/span>&nbsp; Nuestras plantas de fabricaci\u00f3n mantienen los m\u00e1s altos est\u00e1ndares para entregar los mejores productos al mercado. Nuestro control de calidad est\u00e1 respaldado por una estricta certificaci\u00f3n QMS ISO 9001:2015.<\/p>\n<p><span class=\"rc_text_darkcyan_bold\">DISPONIBILIDAD.<\/span>&nbsp; Nuestros centros de distribuci\u00f3n, que est\u00e1n estrat\u00e9gicamente ubicados para brindarle un mejor servicio, siempre se esforzar\u00e1n por tener el stock adecuado para usted.<\/p>\n<p><span class=\"rc_text_darkcyan_bold\">ENTREGA.<\/span>&nbsp; To get our products when you need them, where you need them, that is what EMMSA USA is all about. Our logistics partners, both internal and external, will strive to deliver on time.<\/p><\/div><\/div><\/div><\/div><\/div>","protected":false},"excerpt":{"rendered":"<p>Resources In this section you will find specification sheets, certifications, brochures, videos, FAQs and moreOur Service EMMSA USA Piping Systems constantly strives to maintain the highest quality standards in all of its PVC &#038; CPVC piping systems for your pool &#038; spa, waterworks, industrial, irrigation and construction applications.WHAT WE OFFER TRUST.&nbsp; With more than 50 years serving our customers, EMMSA &#8230; <\/p>\n<div><a href=\"https:\/\/emmsainc.com\/es\/resources\/\" class=\"more-link\">Read More<\/a><\/div>","protected":false},"author":1,"featured_media":247,"parent":0,"menu_order":0,"comment_status":"closed","ping_status":"closed","template":"template-blank-4.php","meta":{"_acf_changed":false,"footnotes":""},"class_list":["post-237","page","type-page","status-publish","has-post-thumbnail","hentry"],"acf":[],"_links":{"self":[{"href":"https:\/\/emmsainc.com\/es\/wp-json\/wp\/v2\/pages\/237","targetHints":{"allow":["GET"]}}],"collection":[{"href":"https:\/\/emmsainc.com\/es\/wp-json\/wp\/v2\/pages"}],"about":[{"href":"https:\/\/emmsainc.com\/es\/wp-json\/wp\/v2\/types\/page"}],"author":[{"embeddable":true,"href":"https:\/\/emmsainc.com\/es\/wp-json\/wp\/v2\/users\/1"}],"replies":[{"embeddable":true,"href":"https:\/\/emmsainc.com\/es\/wp-json\/wp\/v2\/comments?post=237"}],"version-history":[{"count":4,"href":"https:\/\/emmsainc.com\/es\/wp-json\/wp\/v2\/pages\/237\/revisions"}],"predecessor-version":[{"id":3480,"href":"https:\/\/emmsainc.com\/es\/wp-json\/wp\/v2\/pages\/237\/revisions\/3480"}],"wp:featuredmedia":[{"embeddable":true,"href":"https:\/\/emmsainc.com\/es\/wp-json\/wp\/v2\/media\/247"}],"wp:attachment":[{"href":"https:\/\/emmsainc.com\/es\/wp-json\/wp\/v2\/media?parent=237"}],"curies":[{"name":"wp","href":"https:\/\/api.w.org\/{rel}","templated":true}]}}