{"id":3,"date":"2022-05-12T18:07:59","date_gmt":"2022-05-12T18:07:59","guid":{"rendered":"https:\/\/emmsainc.com\/?page_id=3"},"modified":"2025-12-31T19:59:07","modified_gmt":"2025-12-31T19:59:07","slug":"privacy-policy","status":"publish","type":"page","link":"https:\/\/emmsainc.com\/es\/privacy-policy\/","title":{"rendered":"Aviso de Privacidad"},"content":{"rendered":"<div id=\"cs-content\" class=\"cs-content\"><div class=\"x-section e3-e1 m3-0 m3-1 m3-2 m3-3\"><div class=\"x-row x-container max width e3-e2 m3-7 m3-8 m3-9 m3-a m3-f\"><div class=\"x-row-inner\"><div class=\"x-col e3-e3 m3-l m3-m m3-n\"><\/div><\/div><\/div><\/div><div class=\"x-section e3-e4-v0 m3-1 m3-2 m3-4 m3-5 section_gradient_medium_down\"><div class=\"x-row x-container max width e3-e4-v1 m3-7 m3-8 m3-b m3-c m3-g\"><div class=\"x-row-inner\"><div class=\"x-col e3-e4-v2 m3-l m3-o m3-p\"><div class=\"x-text x-text-headline e3-e4-v3 m3-r m3-s\"><div class=\"x-text-content\"><div class=\"x-text-content-text\"><h1 class=\"x-text-content-text-primary\">Aviso de Privacidad<\/h1>\n<\/div><\/div><\/div><nav class=\"x-crumbs x-hide-sm x-hide-xs e3-e4-v4 m3-u\" role=\"navigation\"><ol class=\"x-crumbs-list\" itemscope=\"\" itemtype=\"http:\/\/schema.org\/BreadcrumbList\" aria-label=\"Breadcrumb Navigation\"><li class=\"x-crumbs-list-item\" itemprop=\"itemListElement\" itemscope itemtype=\"http:\/\/schema.org\/ListItem\"><a class=\"x-crumbs-current x-crumbs-link\" itemtype=\"http:\/\/schema.org\/Thing\" itemprop=\"item\" href=\"https:\/\/emmsainc.com\/es\/\" title=\"You Are Here\"><span itemprop=\"name\"><i class=\"x-icon\" aria-hidden=\"true\" data-x-icon-s=\"&#xf015;\"><\/i><span class=\"visually-hidden\">Home<\/span><\/span><\/a><meta itemprop=\"position\" content=\"1\"><\/li><\/ol><\/nav><\/div><\/div><\/div><\/div><div class=\"x-section e3-e5 m3-1 m3-3 m3-4 m3-6\"><div class=\"x-row x-container max width e3-e6 m3-7 m3-8 m3-9 m3-d m3-h m3-i\"><div class=\"x-row-inner\"><div class=\"x-col e3-e7 m3-l m3-n m3-o m3-q\"><div class=\"x-text x-text-headline e3-e8 m3-s m3-t\"><div class=\"x-text-content\"><div class=\"x-text-content-text\"><h2 class=\"x-text-content-text-primary\">Aviso de Privacidad<\/h2>\n<span class=\"x-text-content-text-subheadline\">Proteger su privacidad es muy importante para <span class=\"rc_text_darkcyan_bold\">EMMSA USA, Inc.<\/span> y sus empresas subsidiarias.<\/span><\/div><\/div><\/div><\/div><\/div><\/div><div class=\"x-row x-container max width e3-e9 m3-7 m3-9 m3-c m3-d m3-e m3-h m3-j\"><div class=\"x-row-inner\"><div class=\"x-col e3-e10 m3-l m3-n\"><div class=\"x-text x-content e3-e11 m3-v m3-w\"><h6>VALORAMOS SU CONFIANZA POR LO QUE HEMOS DESARROLLADO UNA POL\u00cdTICA DE PRIVACIDAD QUE DESEAMOS LE AYUDE A COMPRENDER LA FORMA EN LA QUE REUNIMOS, UTILIZAMOS, TRANSFERIMOS Y ALMACENAMOS SU INFORMACI\u00d3N.<\/h6>\n<p>La informaci\u00f3n personal est\u00e1 constituida por datos que pueden ser utilizados exclusivamente para identificar o contactar a una sola persona. Se puede solicitar informaci\u00f3n personal en cualquier momento cuando se contacte con <span class=\"rc_text_darkcyan_bold\">EMMSA USA, Inc.<\/span> o una compa\u00f1\u00eda subsidiaria. <span class=\"rc_text_darkcyan_bold\">EMMSA USA, Inc.<\/span> y sus subsidiarias pueden compartir informaci\u00f3n personal entre ellas y utilizarla en virtud de la presente Pol\u00edtica de Privacidad. As\u00ed mismo podr\u00e1n combinarla con otra informaci\u00f3n para proporcionar y mejorar nuestros productos, servicios, contenidos y publicidad.<\/p>\n<p>De conformidad con la Ley de Protecci\u00f3n de Datos Personales en Posesi\u00f3n de los Particulares, <span class=\"rc_text_darkcyan_bold\">EMMSA USA, Inc.<\/span> al procesar la informaci\u00f3n del cliente est\u00e1 obligada a observar los principios de licitud, consentimiento, informaci\u00f3n, calidad, finalidad, lealtad, proporcionalidad y responsabilidad previstos en esta ley.<\/p>\n<p>Los datos personales recolectados se encontrar\u00e1n protegidos por las medidas de seguridad necesarias para evitar da\u00f1os, p\u00e9rdidas, alteraciones, destrucci\u00f3n o uso de \u00e9sta. <span class=\"rc_text_darkcyan_bold\">EMMSA USA, Inc.<\/span> y sus compa\u00f1\u00edas subsidiarias no garantizan que terceros no autorizados no puedan tener acceso a la informaci\u00f3n almacenada por nosotros. <span class=\"rc_text_darkcyan_bold\">EMMSA USA, Inc.<\/span>ni sus empresas subsidiarias ser\u00e1n en ning\u00fan caso responsables de los da\u00f1os y perjuicios que pudieran derivarse de dicho acceso no autorizado.<\/p>\n<p>A continuaci\u00f3n incluimos algunos ejemplos de informaci\u00f3n personal que <span class=\"rc_text_darkcyan_bold\">EMMSA USA, Inc.<\/span> puede recolectar y utilizar. Estos ejemplos son meramente ilustrativos y no deben considerarse como una descripci\u00f3n exhaustiva de nuestras pr\u00e1cticas de recopilaci\u00f3n y divulgaci\u00f3n de informaci\u00f3n.<\/p>\n\n<h6>\u00bfQU\u00c9 INFORMACI\u00d3N RECOLECTAMOS?<\/h6>\n<p><span class=\"rc_text_darkcyan_bold\">EMMSA USA, Inc.<\/span> y sus subsidiarias puede recopilar informaci\u00f3n incluyendo su nombre, domicilio, n\u00famero de tel\u00e9fono, direcci\u00f3n de correo electr\u00f3nico y preferencias de contacto.<\/p>\n<p>Tambi\u00e9n recolectamos informaci\u00f3n general no personal, la cual se compone por datos que no permiten asociaci\u00f3n directa con ninguna persona. Podemos recolectar, utilizar, transferir, y revelar informaci\u00f3n general para cualquier fin. A continuaci\u00f3n incluimos algunos ejemplos de informaci\u00f3n general que recolectamos y utilizamos:<\/p>\n\n<ul>\n \t<li>Podemos recolectar informaci\u00f3n tal como profesi\u00f3n, idioma, c\u00f3digo postal, c\u00f3digo de \u00e1rea, dispositivo \u00fanico de identificaci\u00f3n y ubicaci\u00f3n que <span class=\"rc_text_darkcyan_bold\">EMMSA USA, Inc.<\/span> utiliza para la prestaci\u00f3n de los servicios o promoci\u00f3n de productos, para poder entender mejor el comportamiento de nuestros clientes y mejorar nuestros productos, servicios y publicidades.<\/li>\n \t<li>Tambi\u00e9n podemos recolectar informaci\u00f3n relativa a la actividad de nuestros clientes. Esta informaci\u00f3n se compila y nos ayuda a proporcionar informaci\u00f3n de mayor utilidad a nuestros clientes y a entender qu\u00e9 productos y servicios son de mayor inter\u00e9s. La informaci\u00f3n compilada se considera informaci\u00f3n general para los fines de la presente Pol\u00edtica de Privacidad.<\/li>\n<\/ul>\n<p>En caso de que combinemos informaci\u00f3n general no personal con informaci\u00f3n personal, la informaci\u00f3n combinada ser\u00e1 considerada informaci\u00f3n personal mientras se mantenga combinada.<\/p>\n\n<h6>\u00bfC\u00d3MO UTILIZAMOS SU INFORMACI\u00d3N PERSONAL?<\/h6>\n<ul>\n \t<li>La informaci\u00f3n personal que recolectamos nos permite mantenerle informado acerca de los \u00faltimos anuncios de productos y pr\u00f3ximos eventos. Tambi\u00e9n ayuda a mejorar nuestros servicios, contenidos y publicidades. Si no quiere estar incluido en nuestra lista de distribuci\u00f3n de correo, puedes optar por actualizar sus preferencias.<br \/>\nTambi\u00e9n podemos utilizar su informaci\u00f3n para ayudarnos a desarrollar, entregar y mejorar nuestros productos, servicios, contenidos y publicidad.<\/li>\n \t<li>Oportunamente, podemos utilizar su informaci\u00f3n personal para enviar notificaciones importantes. Debido a que esta informaci\u00f3n es importante para su relaci\u00f3n con <span class=\"rc_text_darkcyan_bold\">EMMSA USA, Inc.<\/span> y\/o empresas subsidiarias, no puede optar por no recibir dichas comunicaciones.<\/li>\n \t<li>Tambi\u00e9n podemos utilizar informaci\u00f3n para fines internos tales como auditor\u00edas, an\u00e1lisis de datos, e investigaci\u00f3n para mejorar los productos, servicios y comunicaciones a los clientes de <span class=\"rc_text_darkcyan_bold\">EMMSA USA, Inc.<\/span>.<\/li>\n<\/ul>\n<h6>CONSERVACI\u00d3N DE INFORMACI\u00d3N PERSONAL<\/h6>\n<p>La informaci\u00f3n personal revelada se conservar\u00e1 por el per\u00edodo que sea necesario para cumplir con los fines establecidos en la presente Pol\u00edtica de Privacidad, excepto que por ley se requiera o autorice un per\u00edodo de conservaci\u00f3n superior.<\/p>\n\n<h6>INFORMACI\u00d3N EN L\u00cdNEA Y RECOPILACI\u00d3N DE DATOS<\/h6>\n<p>Puede visitarnos en Internet sin necesidad de identificarse o revelar informaci\u00f3n personal, inclusive su direcci\u00f3n de correo electr\u00f3nico. En este caso, nuestros servidores de red obtienen el nombre del dominio que utiliz\u00f3 para acceder a Internet, tal como \"google.com\" o \"yahoo.com,\" el sitio web del que proviene y el que visite posteriormente. Podemos seleccionar compa\u00f1\u00edas externas que prestan servicios en representaci\u00f3n de <span class=\"rc_text_darkcyan_bold\">EMMSA USA, Inc.<\/span> y utilizan esta informaci\u00f3n para registrar el n\u00famero de visitas, el tiempo promedio de visita, las p\u00e1ginas visitadas y otros datos estad\u00edsticos sobre quienes ingresan a nuestro sitio web en general. Tambi\u00e9n podemos utilizar estos datos para seguir el rendimiento del sitio y facilitar su uso.<\/p>\n<p>Podemos recopilar las estad\u00edsticas reunidas sobre nuestros clientes, ventas, patrones de tr\u00e1fico y servicios y entregarlas a terceros. Sin embargo, cuando revelamos estas estad\u00edsticas a terceros, no incluimos datos personales de identificaci\u00f3n, a menos que hubiera acordado recibir informaci\u00f3n personalizada. Adem\u00e1s, algunas porciones de nuestro sitio web requieren informaci\u00f3n personal para fines espec\u00edficos, tales como brindarle informaci\u00f3n que hubiera solicitado.<\/p>\n\n<h6>COMUNICACIONES POR CORREO ELECTR\u00d3NICO<\/h6>\n<p>Ocasionalmente, podemos enviarle correos electr\u00f3nicos con informaci\u00f3n que podr\u00eda resultarle \u00fatil, inclusive informaci\u00f3n sobre nuestros productos y servicios u ofertas de otras compa\u00f1\u00edas afiliadas o de terceros. Podr\u00e1 optar por no recibir estos mensajes electr\u00f3nicos si as\u00ed lo desea.<\/p>\n<p>Si desea enviarnos un correo electr\u00f3nico que contenga informaci\u00f3n patrimonial o sensible, tal como su n\u00famero de tarjeta de cr\u00e9dito o estado de salud, es preferible que nos llame por tel\u00e9fono o env\u00ede la informaci\u00f3n por correo regular o cualquier otro medio m\u00e1s seguro.<\/p>\n\n<h6>INFORMACI\u00d3N QUE PODEMOS REVELAR Y DESTINATARIOS DE LA MISMA<\/h6>\n<p>Podemos revelar la informaci\u00f3n reunida a otras personas f\u00edsicas y morales tal como se menciona m\u00e1s adelante. Estas personas est\u00e1n obligadas a utilizar dicha informaci\u00f3n exclusivamente para los fines estipulados.<\/p>\n\n<h6>REVELACI\u00d3N DE INFORMACI\u00d3N A PROVEEDORES DE SERVICIOS<\/h6>\n<p>Podemos revelar informaci\u00f3n personal recopilada a terceros, tales como bancos y prestadores de servicios relacionados con los servicios contenidos en el contrato.<\/p>\n<p>En todos los casos, requerimos a los proveedores de servicios a quienes revelamos informaci\u00f3n personal que cumplan con nuestra Pol\u00edtica de Privacidad y utilicen la informaci\u00f3n solamente para los fines para los que han sido contratados. Revelamos informaci\u00f3n personal a estos proveedores con el fin de brindarle un mejor servicio.<\/p>\n\n<h6>REVELACI\u00d3N DE INFORMACI\u00d3N A COMPA\u00d1\u00cdAS RELACIONADAS<\/h6>\n<p>Podemos revelar datos de identificaci\u00f3n tales como nombre, domicilio, n\u00famero de tel\u00e9fono e informaci\u00f3n sobre operaciones a otras compa\u00f1\u00edas afiliadas o subsidiarias, para los fines anteriormente expuestos.<\/p>\n\n<h6>REVELACI\u00d3N DE OTRA INFORMACI\u00d3N PERMITIDA POR LEY<\/h6>\n<p>Es posible que <span class=\"rc_text_darkcyan_bold\">EMMSA USA, Inc.<\/span> y\/o sus subsidiarias deban divulgar su informaci\u00f3n personal en virtud de una ley, por (i) procedimiento judicial, administrativo, acci\u00f3n legal, y\/o pedidos de autoridades p\u00fablicas y gubernamentales dentro o fuera del pa\u00eds de residencia o (ii) por razones de seguridad nacional, cumplimiento de las leyes, u otras cuestiones de importancia nacional, dicha divulgaci\u00f3n es necesaria o conveniente.<\/p>\n\n<h6>PROHIBICI\u00d3N DE REVELAR INFORMACI\u00d3N PARA OTROS FINES<\/h6>\n<p>No compartiremos su informaci\u00f3n personal con compa\u00f1\u00edas externas para fines que no sean los descritos anteriormente. Por ejemplo, no venderemos informaci\u00f3n personal a compa\u00f1\u00edas externas que deseen ofrecerle sus productos y servicios. Podemos ofrecerle productos o servicios en representaci\u00f3n de otras compa\u00f1\u00edas pero no revelarles sus datos personales.<\/p>\n\n<h6>CONTACTO CON EMMSA USA, INC.<\/h6>\n<p>Puede revisar, eliminar o actualizar la informaci\u00f3n provista, o aclarar sus dudas sobre esta Pol\u00edtica de Privacidad comunic\u00e1ndose con el departamento de Recursos Humanos de <span class=\"rc_text_darkcyan_bold\">EMMSA USA, Inc.<\/span> al tel\u00e9fono <span class=\"rc_text_darkcyan\">+52 (81) 8153-0010<\/span> o a trav\u00e9s del correo electr\u00f3nico <span class=\"rc_text_darkcyan\">info@emmsainc.com<\/span><\/p>\n\n<h6>EJERCICIO DE LOS DERECHOS ARCO<\/h6>\n<p>El titular de la informaci\u00f3n o su representante legal podr\u00e1n solicitar al responsable del tratamiento de los datos personales el ejercicio de los derechos de acceso, rectificaci\u00f3n, cancelaci\u00f3n y oposici\u00f3n, en los t\u00e9rminos del cap\u00edtulo IV de la Ley Federal de Protecci\u00f3n de Datos Personales en Posesi\u00f3n de los Particulares.<\/p>\n\n<h6>CAMBIOS A LA PRESENTE POL\u00cdTICA DE PRIVACIDAD<\/h6>\n<p>Recomendamos verificar esta Pol\u00edtica de Privacidad en forma peri\u00f3dica para mantenerse informado de cualquier cambio. Aunque nos reservamos el derecho a modificar o complementar esta Pol\u00edtica de Privacidad, cualquier cambio significativo ser\u00e1 informado en nuestro sitio web durante al menos 30 d\u00edas posteriores al mismo.<\/p>\n\n<h6>OPCIONES PARA EL CONSUMIDOR SOBRE LA DISTRIBUCI\u00d3N DE INFORMACI\u00d3N<\/h6>\n<p>Nos comprometemos a proteger la informaci\u00f3n personal y utilizar o compartir la misma s\u00f3lo para mejorar o aumentar los servicios que le ofrecemos. Al aceptar activamente los t\u00e9rminos de esta pol\u00edtica de privacidad, presta su consentimiento a la distribuci\u00f3n de informaci\u00f3n personal o los informes de consumo seg\u00fan lo descrito anteriormente.<\/p>\n<p>Las pr\u00e1cticas y pol\u00edticas incluidas en esta Pol\u00edtica de Privacidad reemplazan todas las notificaciones o manifestaciones anteriores al respecto.<\/p><\/div><hr class=\"x-line e3-e12 m3-y\"\/><\/div><\/div><\/div><div class=\"x-row x-container max width e3-e13 m3-7 m3-8 m3-9 m3-d m3-h m3-k\"><div class=\"x-row-inner\"><div class=\"x-col e3-e14 m3-l m3-n\"><div class=\"x-text x-content e3-e15 m3-w m3-x\">Aviso de Privacidad modificado en 2015\/05\/25<\/div><\/div><\/div><\/div><\/div><\/div>","protected":false},"excerpt":{"rendered":"<p>Privacy Policy HomePrivacy Policy Protecting your privacy is very important for EMMSA USA, Inc. and its subsidiaries.We value your trust, so we have developed a privacy policy that we hope helps you understand the way in which we compile, use, transfer, and store your information. Personal information is made up of data that can be exclusively used to identify or &#8230; <\/p>\n<div><a href=\"https:\/\/emmsainc.com\/es\/privacy-policy\/\" class=\"more-link\">Read More<\/a><\/div>","protected":false},"author":1,"featured_media":470,"parent":0,"menu_order":0,"comment_status":"closed","ping_status":"open","template":"template-blank-4.php","meta":{"_acf_changed":false,"footnotes":""},"class_list":["post-3","page","type-page","status-publish","has-post-thumbnail","hentry"],"acf":[],"_links":{"self":[{"href":"https:\/\/emmsainc.com\/es\/wp-json\/wp\/v2\/pages\/3","targetHints":{"allow":["GET"]}}],"collection":[{"href":"https:\/\/emmsainc.com\/es\/wp-json\/wp\/v2\/pages"}],"about":[{"href":"https:\/\/emmsainc.com\/es\/wp-json\/wp\/v2\/types\/page"}],"author":[{"embeddable":true,"href":"https:\/\/emmsainc.com\/es\/wp-json\/wp\/v2\/users\/1"}],"replies":[{"embeddable":true,"href":"https:\/\/emmsainc.com\/es\/wp-json\/wp\/v2\/comments?post=3"}],"version-history":[{"count":6,"href":"https:\/\/emmsainc.com\/es\/wp-json\/wp\/v2\/pages\/3\/revisions"}],"predecessor-version":[{"id":3473,"href":"https:\/\/emmsainc.com\/es\/wp-json\/wp\/v2\/pages\/3\/revisions\/3473"}],"wp:featuredmedia":[{"embeddable":true,"href":"https:\/\/emmsainc.com\/es\/wp-json\/wp\/v2\/media\/470"}],"wp:attachment":[{"href":"https:\/\/emmsainc.com\/es\/wp-json\/wp\/v2\/media?parent=3"}],"curies":[{"name":"wp","href":"https:\/\/api.w.org\/{rel}","templated":true}]}}